{"id":158,"date":"2013-08-11T19:06:15","date_gmt":"2013-08-11T19:06:15","guid":{"rendered":"http:\/\/localhost:8888\/test\/?page_id=520"},"modified":"2024-07-02T23:49:33","modified_gmt":"2024-07-02T21:49:33","slug":"concept","status":"publish","type":"page","link":"https:\/\/scene-fragrance.com\/de\/concept\/","title":{"rendered":"Konzept"},"content":{"rendered":"<section class=\"section\" id=\"section_1402164252\">\n\t\t<div class=\"section-bg fill\" >\n\t\t\t<img decoding=\"async\" width=\"1920\" height=\"800\" src=\"https:\/\/eadn-wc03-10744947.nxedge.io\/wp-content\/uploads\/2022\/09\/SF-Banner-2.jpg\" class=\"bg attachment- size-\" alt=\"\" \/>\t\t\t\t\t\t\n\t\t\t\n\n\t\t<\/div>\n\n\t\t\n\n\t\t<div class=\"section-content relative\">\n\t\t\t\n\n<div class=\"row\" style=\"max-width:1200px\" id=\"row-806952749\">\n\n\n\t<div id=\"col-1274565147\" class=\"col medium-6 small-12 large-5\"  >\n\t\t\t\t<div class=\"col-inner\"  >\n\t\t\t\n\t\t\t\n\n\t<div id=\"gap-798499339\" class=\"gap-element clearfix\" style=\"display:block; height:auto;\">\n\t\t\n<style>\n#gap-798499339 {\n  padding-top: 60px;\n}\n<\/style>\n\t<\/div>\n\t\n\n\t<div id=\"text-2519372859\" class=\"text\">\n\t\t\n\n<h3>Unsere Philosophie<\/h3>\n\t\t\n<style>\n#text-2519372859 {\n  font-size: 2.8rem;\n  color: rgb(255,255,255);\n}\n#text-2519372859 > * {\n  color: rgb(255,255,255);\n}\n<\/style>\n\t<\/div>\n\t\n\n\t\t<\/div>\n\t\t\t\t\t<\/div>\n\n\t\n\n<\/div>\n\n\t\t<\/div>\n\n\t\t\n<style>\n#section_1402164252 {\n  padding-top: 30px;\n  padding-bottom: 30px;\n  min-height: 300px;\n  background-color: rgb(8, 57, 82);\n}\n#section_1402164252 .section-bg img {\n  object-position: 48% 58%;\n}\n@media (min-width:550px) {\n  #section_1402164252 {\n    min-height: 450px;\n  }\n}\n<\/style>\n\t<\/section>\n\t\n\n\t<section class=\"section\" id=\"section_1040658816\">\n\t\t<div class=\"section-bg fill\" >\n\t\t\t<img decoding=\"async\" width=\"1920\" height=\"1080\" src=\"https:\/\/eadn-wc03-10744947.nxedge.io\/wp-content\/uploads\/2022\/09\/SF-BG-1-fond-1.jpg\" class=\"bg attachment- size-\" alt=\"\" \/>\t\t\t\t\t\t<div class=\"section-bg-overlay absolute fill\"><\/div>\n\t\t\t\n\n\t\t<\/div>\n\n\t\t\n\n\t\t<div class=\"section-content relative\">\n\t\t\t\n\n<div class=\"row\" style=\"max-width:1200px\" id=\"row-796325966\">\n\n\n\t<div id=\"col-1922802240\" class=\"col small-12 large-12\"  >\n\t\t\t\t<div class=\"col-inner\"  >\n\t\t\t\n\t\t\t\n\n<div class=\"row align-middle\" style=\"max-width:1200px\" id=\"row-1741939880\">\n\n\n\t<div id=\"col-498814866\" class=\"col medium-12 small-12 large-6\"  >\n\t\t\t\t<div class=\"col-inner\"  >\n\t\t\t\n\t\t\t\n\n\t<div id=\"text-1834075254\" class=\"text\">\n\t\t\n\n<h2>Wir werden von k\u00fcnstlerischen Szenen inspiriert.<\/h2>\n\t\t\n<style>\n#text-1834075254 {\n  color: rgb(0,0,0);\n}\n#text-1834075254 > * {\n  color: rgb(0,0,0);\n}\n<\/style>\n\t<\/div>\n\t\n\t<div id=\"text-1763932037\" class=\"text kiteone\">\n\t\t\n\n<p>Arthur K, der Gr\u00fcnder von Sc\u00e8ne Fragrance, ist nicht nur leidenschaftlich an Parfums interessiert, sondern auch K\u00fcnstler.<\/p>\n<p>Mit seiner ausgepr\u00e4gten Sensibilit\u00e4t war es sein Wunsch, diese beiden Leidenschaften zu verbinden und dem Parfum einen originellen, k\u00fcnstlerischen Touch zu verleihen. Die Gr\u00fcndung seiner eigenen Marke \u201eSc\u00e8ne Fragrance\u201c wurde von seiner langj\u00e4hrigen Immersion in das besonders kreative und abwechslungsreiche Pariser K\u00fcnstlermilieu inspiriert.<\/p>\n<p>In seiner Vorstellung k\u00f6nnen eine Marke und ein Produkt auch Geschichten erz\u00e4hlen und Emotionen ausl\u00f6sen, indem sie von Szenen aus Film, Malerei oder auch Literatur inspiriert werden.<\/p>\n<p>Sc\u00e8ne Fragrance will vor allem eine herzliche und menschliche Marke sein. Im Kontakt mit unseren Kunden streben wir danach, gewisse universelle Werte und Gef\u00fchle zu vermitteln: Liebe, Mut, Ged\u00e4chtnis und Erinnerungen\u2026<\/p>\n<p>F\u00fcr Arthur K sind die f\u00fcr jedes Parfum ausgew\u00e4hlten Bestandteile essentiell und m\u00fcssen von h\u00f6chster Qualit\u00e4t sein. Aber dem Konzept von Sc\u00e8ne Fragrance zufolge ist das Wichtigste die Emotion, die bei der Verwendung jedes einzelnen Elements ausgel\u00f6st wird \u2013 so wie eine breite Farbpalette einem bemerkenswerten Gem\u00e4lde Leben einhaucht.<\/p>\n\t\t\n<style>\n#text-1763932037 {\n  color: rgb(0,0,0);\n}\n#text-1763932037 > * {\n  color: rgb(0,0,0);\n}\n<\/style>\n\t<\/div>\n\t\n\n\t\t<\/div>\n\t\t\t\t\t<\/div>\n\n\t\n\n\t<div id=\"col-1232536995\" class=\"col medium-10 small-12 large-6 medium-col-first\"  >\n\t\t\t\t<div class=\"col-inner\"  >\n\t\t\t\n\t\t\t\n\n\n  <div class=\"banner has-hover has-parallax\" id=\"banner-1519869255\">\n          <div class=\"banner-inner fill\">\n        <div class=\"banner-bg fill\" data-parallax=\"-3\" data-parallax-container=\".banner\" data-parallax-background>\n            <img decoding=\"async\" width=\"533\" height=\"800\" src=\"https:\/\/eadn-wc03-10744947.nxedge.io\/wp-content\/uploads\/2022\/10\/Tempo-SF-Arthur-K-533x800.jpg\" class=\"bg attachment-large size-large\" alt=\"\" \/>                                    \n                    <\/div>\n\t\t\n        <div class=\"banner-layers container\">\n            <div class=\"fill banner-link\"><\/div>            \n\n\n        <\/div>\n      <\/div>\n\n            \n<style>\n#banner-1519869255 {\n  padding-top: 400px;\n  background-color: rgb(255, 255, 255);\n}\n#banner-1519869255 .banner-bg img {\n  object-position: 21% 62%;\n}\n@media (min-width:550px) {\n  #banner-1519869255 {\n    padding-top: 600px;\n  }\n}\n@media (min-width:850px) {\n  #banner-1519869255 {\n    padding-top: 700px;\n  }\n}\n<\/style>\n  <\/div>\n\n\n\n\t\t<\/div>\n\t\t\t\t\n<style>\n#col-1232536995 > .col-inner {\n  padding: 0px 0px 30px 0px;\n  margin: -90px 0px 0px 0px;\n}\n@media (min-width:550px) {\n  #col-1232536995 > .col-inner {\n    margin: -90px 0px 0px 80px;\n  }\n}\n@media (min-width:850px) {\n  #col-1232536995 > .col-inner {\n    margin: -300px 0px 0px 0px;\n  }\n}\n<\/style>\n\t<\/div>\n\n\t\n\n<\/div>\n\n\t\t<\/div>\n\t\t\t\t\t<\/div>\n\n\t\n\n<\/div>\n\n\t\t<\/div>\n\n\t\t\n<style>\n#section_1040658816 {\n  padding-top: 30px;\n  padding-bottom: 30px;\n}\n#section_1040658816 .section-bg-overlay {\n  background-color: rgba(255, 255, 255, 0.6);\n}\n<\/style>\n\t<\/section>\n\t\n\n\t<section class=\"section\" id=\"section_2116051822\">\n\t\t<div class=\"section-bg fill\" >\n\t\t\t\t\t\t\t\t\t\n\t\t\t\n\n\t\t<\/div>\n\n\t\t\n\n\t\t<div class=\"section-content relative\">\n\t\t\t\n\n<div class=\"row\" style=\"max-width:1200px\" id=\"row-258679236\">\n\n\n\t<div id=\"col-712288475\" class=\"col medium-10 small-11 large-9\"  >\n\t\t\t\t<div class=\"col-inner\"  >\n\t\t\t\n\t\t\t\n\n\t<div id=\"gap-617075024\" class=\"gap-element clearfix\" style=\"display:block; height:auto;\">\n\t\t\n<style>\n#gap-617075024 {\n  padding-top: 30px;\n}\n<\/style>\n\t<\/div>\n\t\n\n\n  <div class=\"banner has-hover has-parallax\" id=\"banner-2145896266\">\n          <div class=\"banner-inner fill\">\n        <div class=\"banner-bg fill\" data-parallax=\"-3\" data-parallax-container=\".banner\" data-parallax-background>\n            <img decoding=\"async\" width=\"1020\" height=\"712\" src=\"https:\/\/eadn-wc03-10744947.nxedge.io\/wp-content\/uploads\/2022\/10\/Tempo-SF-Eternite-2.jpg\" class=\"bg attachment-large size-large\" alt=\"\" \/>                                    \n                    <\/div>\n\t\t\n        <div class=\"banner-layers container\">\n            <div class=\"fill banner-link\"><\/div>            \n\n\n        <\/div>\n      <\/div>\n\n            \n<style>\n#banner-2145896266 {\n  padding-top: 300px;\n  background-color: rgb(249, 245, 229);\n}\n#banner-2145896266 .banner-bg img {\n  object-position: 34% 60%;\n}\n@media (min-width:550px) {\n  #banner-2145896266 {\n    padding-top: 700px;\n  }\n}\n<\/style>\n  <\/div>\n\n\n\n\t\t<\/div>\n\t\t\t\t\n<style>\n#col-712288475 > .col-inner {\n  margin: 0px 0px 0px 0px;\n}\n@media (min-width:550px) {\n  #col-712288475 > .col-inner {\n    margin: 0px 0px 0px 10px;\n  }\n}\n<\/style>\n\t<\/div>\n\n\t\n\n<\/div>\n<div class=\"row align-right\" style=\"max-width:1200px\" id=\"row-1801291716\">\n\n\n\t<div id=\"col-434138279\" class=\"col medium-7 small-11 large-6\"  >\n\t\t\t\t<div class=\"col-inner\" style=\"background-color:rgb(243, 238, 216);\" >\n\t\t\t\n\t\t\t\n\n\t<div id=\"text-3733903397\" class=\"text\">\n\t\t\n\n<h2>Sc\u00e8ne Fragrance wird von der Zeit und der Begegnung verschiedener Epochen inspiriert und l\u00e4sst so Ihre Erinnerungen wieder aufleben.<\/h2>\n\t\t\n<style>\n#text-3733903397 {\n  color: rgb(0,0,0);\n}\n#text-3733903397 > * {\n  color: rgb(0,0,0);\n}\n<\/style>\n\t<\/div>\n\t\n\t<div id=\"gap-1280557681\" class=\"gap-element clearfix\" style=\"display:block; height:auto;\">\n\t\t\n<style>\n#gap-1280557681 {\n  padding-top: 30px;\n}\n<\/style>\n\t<\/div>\n\t\n\n\t<div id=\"text-3230468593\" class=\"text kiteone\">\n\t\t\n\n<p>Die Belle Epoque um 1900, die Jugendstil-Bewegung, die \u201eAnn\u00e9es Folles\u201c 1920\u2026 die Zukunftshoffnungen mit 18 Jahren, das Selbstbewusstsein mit 30 Jahren, die Orientierungslosigkeit mit 45 Jahren\u2026<\/p>\n<p>Der Gr\u00fcnder Arthur K ist der Meinung, dass die Menschen \u00fcberall auf der Welt dieselben Erfahrungen und Emotionen erleben, egal in welcher Epoche oder an welchem Ort. Dank der Parfums erinnern wir uns wieder an zahlreiche Gef\u00fchle, an Momente der Freude, des Gl\u00fccks, manchmal auch der Angst oder der Verwirrung\u2026 Sie begleiten uns und machen uns Mut, weiterzugehen und vorauszublicken.<\/p>\n\t\t\n<style>\n#text-3230468593 {\n  color: rgb(0,0,0);\n}\n#text-3230468593 > * {\n  color: rgb(0,0,0);\n}\n<\/style>\n\t<\/div>\n\t\n\n\t\t<\/div>\n\t\t\t\t\n<style>\n#col-434138279 > .col-inner {\n  padding: 10% 5% 10% 5%;\n  margin: -120px -42px 0px 0px;\n}\n@media (min-width:550px) {\n  #col-434138279 > .col-inner {\n    margin: -500px -42px 0px 0px;\n  }\n}\n<\/style>\n\t<\/div>\n\n\t\n\n<\/div>\n\n\t\t<\/div>\n\n\t\t\n<style>\n#section_2116051822 {\n  padding-top: 40px;\n  padding-bottom: 40px;\n  background-color: rgb(8, 57, 82);\n}\n@media (min-width:550px) {\n  #section_2116051822 {\n    padding-top: 80px;\n    padding-bottom: 80px;\n  }\n}\n@media (min-width:850px) {\n  #section_2116051822 {\n    padding-top: 100px;\n    padding-bottom: 100px;\n  }\n}\n<\/style>\n\t<\/section>\n\t\n\n\t<section class=\"section has-parallax\" id=\"section_180181340\">\n\t\t<div class=\"section-bg fill\" data-parallax-container=\".section\" data-parallax-background data-parallax=\"-5\">\n\t\t\t<img decoding=\"async\" width=\"1920\" height=\"1080\" src=\"https:\/\/eadn-wc03-10744947.nxedge.io\/wp-content\/uploads\/2022\/09\/SF-BG-1.jpg\" class=\"bg attachment-original size-original\" alt=\"\" \/>\t\t\t\t\t\t<div class=\"section-bg-overlay absolute fill\"><\/div>\n\t\t\t\n\n\t\t<\/div>\n\n\t\t\n\n\t\t<div class=\"section-content relative\">\n\t\t\t\n\n\t<div id=\"gap-2060983782\" class=\"gap-element clearfix\" style=\"display:block; height:auto;\">\n\t\t\n<style>\n#gap-2060983782 {\n  padding-top: 30px;\n}\n<\/style>\n\t<\/div>\n\t\n\n<div class=\"row align-center\" style=\"max-width:1200px\" id=\"row-128845320\">\n\n\n\t<div id=\"col-357430416\" class=\"col medium-5 small-12 large-5\"  >\n\t\t\t\t<div class=\"col-inner\"  >\n\t\t\t\n\t\t\t\n\n\n  <div class=\"banner has-hover has-parallax\" id=\"banner-1682155934\">\n          <div class=\"banner-inner fill\">\n        <div class=\"banner-bg fill\" data-parallax=\"-2\" data-parallax-container=\".banner\" data-parallax-background>\n            <img decoding=\"async\" width=\"2500\" height=\"1669\" src=\"https:\/\/eadn-wc03-10744947.nxedge.io\/wp-content\/uploads\/2022\/10\/Tempo-SF-Coincidece-3-1.jpg\" class=\"bg attachment-original size-original\" alt=\"\" \/>                                    \n                    <\/div>\n\t\t\n        <div class=\"banner-layers container\">\n            <div class=\"fill banner-link\"><\/div>            \n\n\n        <\/div>\n      <\/div>\n\n            \n<style>\n#banner-1682155934 {\n  padding-top: 99.99%;\n  background-color: rgb(255, 255, 255);\n}\n#banner-1682155934 .banner-bg img {\n  object-position: 48% 85%;\n}\n@media (min-width:550px) {\n  #banner-1682155934 {\n    padding-top: 500px;\n  }\n}\n@media (min-width:850px) {\n  #banner-1682155934 {\n    padding-top: 480px;\n  }\n}\n<\/style>\n  <\/div>\n\n\n\n\t\t<\/div>\n\t\t\t\t\n<style>\n#col-357430416 > .col-inner {\n  padding: 0px 0px 0px 0px;\n  margin: 10px 0px 0px 0px;\n}\n@media (min-width:550px) {\n  #col-357430416 > .col-inner {\n    padding: 0px 50px 0px 0px;\n  }\n}\n<\/style>\n\t<\/div>\n\n\t\n\n\t<div id=\"col-2094847476\" class=\"col medium-7 small-12 large-7\"  >\n\t\t\t\t<div class=\"col-inner\"  >\n\t\t\t\n\t<div class=\"is-border\"\n\t\tstyle=\"border-width:0px 0px 0px 0px;\">\n\t<\/div>\n\t\t\t\n\n\t<div id=\"text-3610357808\" class=\"text\">\n\t\t\n\n<h2>Unsere Kreationen<\/h2>\n\t\t\n<style>\n#text-3610357808 {\n  color: rgb(0,0,0);\n}\n#text-3610357808 > * {\n  color: rgb(0,0,0);\n}\n<\/style>\n\t<\/div>\n\t\n\t<div id=\"text-2809341355\" class=\"text kiteone\">\n\t\t\n\n<p>Sc\u00e8ne Fragrance arbeitet mit international renommierten, talentierten Parfumeuren zusammen, die den Geist der originellen kreativen Inspirationen von Arthur K erfasst haben und perfekt wiedergeben.<\/p>\n<p>Jedes Parfum durchl\u00e4uft eine lange Erarbeitungszeit, in der die verschiedenen Bestandteile ausgew\u00e4hlt werden und ihr Verh\u00e4ltnis zueinander angepasst wird. Diese Erarbeitungszeit erm\u00f6glicht es Arthur K und den Parfumeuren, die \u00fcberzeugendste und verf\u00fchrendste Formel zu finden. Trotz der Subtilit\u00e4t wird Sie ihr Duft und ihre Langlebigkeit Tag f\u00fcr Tag zu jeder Gelegenheit begleiten.<\/p>\n<p>Sie werden dem Charme der Parfums von Sc\u00e8ne Fragrance nicht widerstehen k\u00f6nnen !<\/p>\n\t\t\n<style>\n#text-2809341355 {\n  color: rgb(0,0,0);\n}\n#text-2809341355 > * {\n  color: rgb(0,0,0);\n}\n<\/style>\n\t<\/div>\n\t\n\n\t\t<\/div>\n\t\t\t\t\n<style>\n#col-2094847476 > .col-inner {\n  padding: 0px 5% 0px 0px;\n  margin: 0px 0px 0px 10px;\n}\n@media (min-width:550px) {\n  #col-2094847476 > .col-inner {\n    padding: 0px 5% 0px 0px;\n    margin: 30px 0px 0px 0px;\n  }\n}\n@media (min-width:850px) {\n  #col-2094847476 > .col-inner {\n    padding: 5% 5% 5% 5%;\n  }\n}\n<\/style>\n\t<\/div>\n\n\t\n\n\n<style>\n#row-128845320 > .col > .col-inner {\n  padding: 5% 5% 0px 2%;\n}\n<\/style>\n<\/div>\n<div class=\"row\" style=\"max-width:1200px\" id=\"row-629302005\">\n\n\n\t<div id=\"col-492541292\" class=\"col medium-6 small-12 large-6\"  >\n\t\t\t\t<div class=\"col-inner\"  >\n\t\t\t\n\t\t\t\n\n\t<div id=\"text-4083064139\" class=\"text\">\n\t\t\n\n<h2>Die Kunst der Verpackung<\/h2>\n\t\t\n<style>\n#text-4083064139 {\n  color: rgb(0,0,0);\n}\n#text-4083064139 > * {\n  color: rgb(0,0,0);\n}\n<\/style>\n\t<\/div>\n\t\n\t<div id=\"text-340313518\" class=\"text kiteone\">\n\t\t\n\n<p>Unsere Philosophie spiegelt sich auch in unserer Verpackung wider, die direkt von der Vergangenheit inspiriert wird.<\/p>\n<p>Arthur Ks k\u00fcnstlerischer Werdegang hilft ihm dabei, sich in jede Zeit zu versetzen, verschiedene Epochen zusammenzubringen und verschiedene Stile zu verbinden.<\/p>\n<p>Die universelle und zeitlose Harmonie stellt den grundlegenden Wert von \u201eSc\u00e8ne Fragrance\u201c dar. Deshalb haben wir den Ginkgo als Logo gew\u00e4hlt, der als \u201elebendes Fossil\u201c gilt, und hoffen, seine Langlebigkeit nachahmen zu k\u00f6nnen\u2026<\/p>\n<p>Die Linien unserer Flacons sind elegant, modern und minimalistisch, mit einem hervorstehenden Logo, das die Markenidentit\u00e4t best\u00e4tigt, und einer dickeren Grundlage, die ihm einen diskreten Hauch von Originalit\u00e4t verleiht.<\/p>\n<p>Der Metallverschluss stellt eine \u00fcberarbeitete Version einer typischen Art Deco-Muschel dar. Seine Retro-Goldfarbe verleiht ihm einen diskreten Glanz, \u00e4hnlich einem kostbaren, alten Gegenstand, und seine sofort wiedererkennbare Form ist in gewisser Weise das Markenzeichen von \u201eSc\u00e8ne Fragrance\u201c.<\/p>\n<p>Die Box verweist direkt auf die Plakate der Wiener Secessions-Bewegung und vermittelt die Werte der Marke so in verschiedenen Sprachen.<\/p>\n<p>Wir hoffen, dass Sie unsere Details wertsch\u00e4tzen und dass diese ihre Fr\u00fcchte tragen.<\/p>\n\t\t\n<style>\n#text-340313518 {\n  color: rgb(0,0,0);\n}\n#text-340313518 > * {\n  color: rgb(0,0,0);\n}\n<\/style>\n\t<\/div>\n\t\n\n\t\t<\/div>\n\t\t\t\t\n<style>\n#col-492541292 > .col-inner {\n  padding: 0px 0px 0px 0px;\n  margin: 0px 0px 0px 10px;\n}\n@media (min-width:850px) {\n  #col-492541292 > .col-inner {\n    padding: 0px 50px 0px 0px;\n    margin: 0px 0px 0px 0px;\n  }\n}\n<\/style>\n\t<\/div>\n\n\t\n\n\t<div id=\"col-800269392\" class=\"col medium-6 small-12 large-6\"  >\n\t\t\t\t<div class=\"col-inner\"  >\n\t\t\t\n\t\t\t\n\n\n  <div class=\"banner has-hover has-parallax\" id=\"banner-200900849\">\n          <div class=\"banner-inner fill\">\n        <div class=\"banner-bg fill\" data-parallax=\"-2\" data-parallax-container=\".banner\" data-parallax-background>\n            <img decoding=\"async\" width=\"764\" height=\"1193\" src=\"https:\/\/eadn-wc03-10744947.nxedge.io\/wp-content\/uploads\/2022\/10\/Tempo-SF-Eternite-3.jpg\" class=\"bg attachment-original size-original\" alt=\"\" \/>                                    \n                    <\/div>\n\t\t\n        <div class=\"banner-layers container\">\n            <div class=\"fill banner-link\"><\/div>            \n\n\n        <\/div>\n      <\/div>\n\n            \n<style>\n#banner-200900849 {\n  padding-top: 600px;\n  background-color: rgb(255, 255, 255);\n}\n#banner-200900849 .banner-bg img {\n  object-position: 47% 26%;\n}\n@media (min-width:550px) {\n  #banner-200900849 {\n    padding-top: 100%;\n  }\n}\n@media (min-width:850px) {\n  #banner-200900849 {\n    padding-top: 800px;\n  }\n}\n<\/style>\n  <\/div>\n\n\n\n\t\t<\/div>\n\t\t\t\t\n<style>\n#col-800269392 > .col-inner {\n  padding: 0px 0px 0px 0;\n  margin: 50px 0px 0px 0px;\n}\n@media (min-width:550px) {\n  #col-800269392 > .col-inner {\n    padding: 0px 0px 0px 0px;\n  }\n}\n@media (min-width:850px) {\n  #col-800269392 > .col-inner {\n    padding: 40px 0px 0px 0px;\n  }\n}\n<\/style>\n\t<\/div>\n\n\t\n\n\n<style>\n#row-629302005 > .col > .col-inner {\n  padding: 30px 0px 0px 0px;\n}\n<\/style>\n<\/div>\n\n\t\t<\/div>\n\n\t\t\n<style>\n#section_180181340 {\n  padding-top: 70px;\n  padding-bottom: 70px;\n}\n#section_180181340 .section-bg-overlay {\n  background-color: rgba(255, 255, 255, 0.7);\n}\n<\/style>\n\t<\/section>","protected":false},"excerpt":{"rendered":"","protected":false},"author":2,"featured_media":85,"parent":0,"menu_order":0,"comment_status":"closed","ping_status":"closed","template":"page-blank.php","meta":{"om_disable_all_campaigns":false,"_monsterinsights_skip_tracking":false,"_monsterinsights_sitenote_active":false,"_monsterinsights_sitenote_note":"","_monsterinsights_sitenote_category":0,"footnotes":""},"class_list":["post-158","page","type-page","status-publish","has-post-thumbnail","hentry"],"aioseo_notices":[],"_links":{"self":[{"href":"https:\/\/scene-fragrance.com\/de\/wp-json\/wp\/v2\/pages\/158","targetHints":{"allow":["GET"]}}],"collection":[{"href":"https:\/\/scene-fragrance.com\/de\/wp-json\/wp\/v2\/pages"}],"about":[{"href":"https:\/\/scene-fragrance.com\/de\/wp-json\/wp\/v2\/types\/page"}],"author":[{"embeddable":true,"href":"https:\/\/scene-fragrance.com\/de\/wp-json\/wp\/v2\/users\/2"}],"replies":[{"embeddable":true,"href":"https:\/\/scene-fragrance.com\/de\/wp-json\/wp\/v2\/comments?post=158"}],"version-history":[{"count":10,"href":"https:\/\/scene-fragrance.com\/de\/wp-json\/wp\/v2\/pages\/158\/revisions"}],"predecessor-version":[{"id":2002,"href":"https:\/\/scene-fragrance.com\/de\/wp-json\/wp\/v2\/pages\/158\/revisions\/2002"}],"wp:featuredmedia":[{"embeddable":true,"href":"https:\/\/scene-fragrance.com\/de\/wp-json\/wp\/v2\/media\/85"}],"wp:attachment":[{"href":"https:\/\/scene-fragrance.com\/de\/wp-json\/wp\/v2\/media?parent=158"}],"curies":[{"name":"wp","href":"https:\/\/api.w.org\/{rel}","templated":true}]}}