{"id":249,"date":"2021-09-24T03:45:57","date_gmt":"2021-09-24T01:45:57","guid":{"rendered":"http:\/\/uxthemes.wpengine.com\/?post_type=product&#038;p=328"},"modified":"2026-04-14T21:05:57","modified_gmt":"2026-04-14T19:05:57","slug":"la-nuit-transfiguree","status":"publish","type":"product","link":"https:\/\/scene-fragrance.com\/de\/product\/la-nuit-transfiguree\/","title":{"rendered":"La Nuit\u2026transfigur\u00e9e<br \/>(Verkl\u00e4rte Nacht)"},"content":{"rendered":"","protected":false},"excerpt":{"rendered":"<p><strong><p>Eau de parfum \u2013 La Nuit\u2026transfigur\u00e9e<br \/>(Verkl\u00e4rte Nacht)<\/p><\/strong><\/p>\n<p><strong>Im Mondlicht erheben uns Liebe und Toleranz.<\/strong><\/p>\n<p>Zuerst ein Gedicht, dann ein musikalisches Werk und heute \u201etransfigur\u00e9\u201c als Parfum.<\/p>\n<p>\u201eLa Nuit Transfigur\u00e9e\u201c gibt den Charme der Nacht wieder. Wenn die Sonne untergeht und die Stadt ihre Ruhe findet, k\u00f6nnen sich unser Geist und unser m\u00fcder K\u00f6rper endlich in ihr tiefstes Inneres zur\u00fcckziehen. Die Nacht ist eine Quelle der Inspiration, ein intimes Fl\u00fcstern. Wenn die Nacht zu Ende geht, m\u00fcssen wir aus der Dunkelheit hervorkommen und einen neuen Tag willkommen hei\u00dfen.<\/p>\n<p>\u201eLa Nuit Transfigur\u00e9e\u201c ist gleichzeitig ein mysteri\u00f6ses und beunruhigendes Gedicht sowie ein leidenschaftliches und fesselndes musikalisches Werk.<\/p>","protected":false},"featured_media":758,"comment_status":"open","ping_status":"closed","template":"","meta":{"om_disable_all_campaigns":false,"_monsterinsights_skip_tracking":false,"_monsterinsights_sitenote_active":false,"_monsterinsights_sitenote_note":"","_monsterinsights_sitenote_category":0},"product_brand":[],"product_cat":[74],"product_tag":[],"class_list":{"0":"post-249","1":"product","2":"type-product","3":"status-publish","4":"has-post-thumbnail","6":"product_cat-eau-de-parfum","7":"product_shipping_class-parfum","9":"first","10":"instock","11":"taxable","12":"shipping-taxable","13":"purchasable","14":"product-type-simple"},"aioseo_notices":[],"_links":{"self":[{"href":"https:\/\/scene-fragrance.com\/de\/wp-json\/wp\/v2\/product\/249","targetHints":{"allow":["GET"]}}],"collection":[{"href":"https:\/\/scene-fragrance.com\/de\/wp-json\/wp\/v2\/product"}],"about":[{"href":"https:\/\/scene-fragrance.com\/de\/wp-json\/wp\/v2\/types\/product"}],"replies":[{"embeddable":true,"href":"https:\/\/scene-fragrance.com\/de\/wp-json\/wp\/v2\/comments?post=249"}],"wp:featuredmedia":[{"embeddable":true,"href":"https:\/\/scene-fragrance.com\/de\/wp-json\/wp\/v2\/media\/758"}],"wp:attachment":[{"href":"https:\/\/scene-fragrance.com\/de\/wp-json\/wp\/v2\/media?parent=249"}],"wp:term":[{"taxonomy":"product_brand","embeddable":true,"href":"https:\/\/scene-fragrance.com\/de\/wp-json\/wp\/v2\/product_brand?post=249"},{"taxonomy":"product_cat","embeddable":true,"href":"https:\/\/scene-fragrance.com\/de\/wp-json\/wp\/v2\/product_cat?post=249"},{"taxonomy":"product_tag","embeddable":true,"href":"https:\/\/scene-fragrance.com\/de\/wp-json\/wp\/v2\/product_tag?post=249"}],"curies":[{"name":"wp","href":"https:\/\/api.w.org\/{rel}","templated":true}]}}