{"id":470,"date":"2021-09-24T03:44:25","date_gmt":"2021-09-24T01:44:25","guid":{"rendered":"https:\/\/651c7036cf.nxcli.io\/?post_type=product&#038;p=470"},"modified":"2026-04-15T06:06:31","modified_gmt":"2026-04-15T04:06:31","slug":"echantillons","status":"publish","type":"product","link":"https:\/\/scene-fragrance.com\/de\/product\/echantillons\/","title":{"rendered":"Proben"},"content":{"rendered":"","protected":false},"excerpt":{"rendered":"<p>Sie sind das Wichtigste f\u00fcr uns. Ohne Ihre Wertsch\u00e4tzung w\u00fcrden unsere Produkte ihren Zweck verlieren, denn sie bringen vor allem durch Sie ihre besten Qualit\u00e4ten zum Vorschein.<\/p>\n<p>Aus diesem Grund bietet Sc\u00e8ne Fragrance Ihnen f\u00fcr jede Kreation eine kostenlose Probe an. Es ist ganz einfach, unsere Parfums zu entdecken! Sie tragen nur die Versandkosten.<\/p>\n<p class=\"translation-block\">Als Dankesch\u00f6n f\u00fcr jeden Kauf der Muster bieten wir Ihnen <strong>einen Rabattcode von 10\u20ac<\/strong> per E-Mail an, den Sie bei Ihrer n\u00e4chsten Bestellung f\u00fcr alle Produkte auf unserer Website verwenden k\u00f6nnen.<\/p>","protected":false},"featured_media":840,"comment_status":"open","ping_status":"closed","template":"","meta":{"om_disable_all_campaigns":false,"_monsterinsights_skip_tracking":false,"_monsterinsights_sitenote_active":false,"_monsterinsights_sitenote_note":"","_monsterinsights_sitenote_category":0},"product_brand":[],"product_cat":[74],"product_tag":[],"class_list":{"0":"post-470","1":"product","2":"type-product","3":"status-publish","4":"has-post-thumbnail","6":"product_cat-eau-de-parfum","7":"product_shipping_class-echantillon","9":"first","10":"instock","11":"sold-individually","12":"taxable","13":"shipping-taxable","14":"purchasable","15":"product-type-variable"},"aioseo_notices":[],"_links":{"self":[{"href":"https:\/\/scene-fragrance.com\/de\/wp-json\/wp\/v2\/product\/470","targetHints":{"allow":["GET"]}}],"collection":[{"href":"https:\/\/scene-fragrance.com\/de\/wp-json\/wp\/v2\/product"}],"about":[{"href":"https:\/\/scene-fragrance.com\/de\/wp-json\/wp\/v2\/types\/product"}],"replies":[{"embeddable":true,"href":"https:\/\/scene-fragrance.com\/de\/wp-json\/wp\/v2\/comments?post=470"}],"wp:featuredmedia":[{"embeddable":true,"href":"https:\/\/scene-fragrance.com\/de\/wp-json\/wp\/v2\/media\/840"}],"wp:attachment":[{"href":"https:\/\/scene-fragrance.com\/de\/wp-json\/wp\/v2\/media?parent=470"}],"wp:term":[{"taxonomy":"product_brand","embeddable":true,"href":"https:\/\/scene-fragrance.com\/de\/wp-json\/wp\/v2\/product_brand?post=470"},{"taxonomy":"product_cat","embeddable":true,"href":"https:\/\/scene-fragrance.com\/de\/wp-json\/wp\/v2\/product_cat?post=470"},{"taxonomy":"product_tag","embeddable":true,"href":"https:\/\/scene-fragrance.com\/de\/wp-json\/wp\/v2\/product_tag?post=470"}],"curies":[{"name":"wp","href":"https:\/\/api.w.org\/{rel}","templated":true}]}}