{"id":158,"date":"2013-08-11T19:06:15","date_gmt":"2013-08-11T19:06:15","guid":{"rendered":"http:\/\/localhost:8888\/test\/?page_id=520"},"modified":"2024-07-02T23:49:33","modified_gmt":"2024-07-02T21:49:33","slug":"concept","status":"publish","type":"page","link":"https:\/\/scene-fragrance.com\/es\/concept\/","title":{"rendered":"Concepto"},"content":{"rendered":"<section class=\"section\" id=\"section_388975016\">\n\t\t<div class=\"section-bg fill\" >\n\t\t\t<img decoding=\"async\" width=\"1920\" height=\"800\" src=\"https:\/\/eadn-wc03-10744947.nxedge.io\/wp-content\/uploads\/2022\/09\/SF-Banner-2.jpg\" class=\"bg attachment- size-\" alt=\"\" \/>\t\t\t\t\t\t\n\t\t\t\n\n\t\t<\/div>\n\n\t\t\n\n\t\t<div class=\"section-content relative\">\n\t\t\t\n\n<div class=\"row\" style=\"max-width:1200px\" id=\"row-1224498244\">\n\n\n\t<div id=\"col-220430062\" class=\"col medium-6 small-12 large-5\"  >\n\t\t\t\t<div class=\"col-inner\"  >\n\t\t\t\n\t\t\t\n\n\t<div id=\"gap-1713675995\" class=\"gap-element clearfix\" style=\"display:block; height:auto;\">\n\t\t\n<style>\n#gap-1713675995 {\n  padding-top: 60px;\n}\n<\/style>\n\t<\/div>\n\t\n\n\t<div id=\"text-1395365091\" class=\"text\">\n\t\t\n\n<h3>Nuestra filosof\u00eda<\/h3>\n\t\t\n<style>\n#text-1395365091 {\n  font-size: 2.8rem;\n  color: rgb(255,255,255);\n}\n#text-1395365091 > * {\n  color: rgb(255,255,255);\n}\n<\/style>\n\t<\/div>\n\t\n\n\t\t<\/div>\n\t\t\t\t\t<\/div>\n\n\t\n\n<\/div>\n\n\t\t<\/div>\n\n\t\t\n<style>\n#section_388975016 {\n  padding-top: 30px;\n  padding-bottom: 30px;\n  min-height: 300px;\n  background-color: rgb(8, 57, 82);\n}\n#section_388975016 .section-bg img {\n  object-position: 48% 58%;\n}\n@media (min-width:550px) {\n  #section_388975016 {\n    min-height: 450px;\n  }\n}\n<\/style>\n\t<\/section>\n\t\n\n\t<section class=\"section\" id=\"section_461579279\">\n\t\t<div class=\"section-bg fill\" >\n\t\t\t<img decoding=\"async\" width=\"1920\" height=\"1080\" src=\"https:\/\/eadn-wc03-10744947.nxedge.io\/wp-content\/uploads\/2022\/09\/SF-BG-1-fond-1.jpg\" class=\"bg attachment- size-\" alt=\"\" \/>\t\t\t\t\t\t<div class=\"section-bg-overlay absolute fill\"><\/div>\n\t\t\t\n\n\t\t<\/div>\n\n\t\t\n\n\t\t<div class=\"section-content relative\">\n\t\t\t\n\n<div class=\"row\" style=\"max-width:1200px\" id=\"row-400094201\">\n\n\n\t<div id=\"col-1772400463\" class=\"col small-12 large-12\"  >\n\t\t\t\t<div class=\"col-inner\"  >\n\t\t\t\n\t\t\t\n\n<div class=\"row align-middle\" style=\"max-width:1200px\" id=\"row-688635231\">\n\n\n\t<div id=\"col-975873042\" class=\"col medium-12 small-12 large-6\"  >\n\t\t\t\t<div class=\"col-inner\"  >\n\t\t\t\n\t\t\t\n\n\t<div id=\"text-435445424\" class=\"text\">\n\t\t\n\n<h2>Nos inspiramos de escenas art\u00edsticas<\/h2>\n\t\t\n<style>\n#text-435445424 {\n  color: rgb(0,0,0);\n}\n#text-435445424 > * {\n  color: rgb(0,0,0);\n}\n<\/style>\n\t<\/div>\n\t\n\t<div id=\"text-844304674\" class=\"text kiteone\">\n\t\t\n\n<p>Arthur K, fundador de Sc\u00e8ne Fragrance, no solo es un apasionado de los perfumes, sino tambi\u00e9n un artista.<\/p>\n<p>Poseyendo el don de una aguda sensibilidad, \u00e9l dese\u00f3 combinar sus dos pasiones lo cual otorga, de esta manera, un original toque art\u00edstico al Perfume. Su larga inmersi\u00f3n en el medio cultural parisino, particularmente creativo y variado, lo inspir\u00f3 a crear su propia marca \u201cSc\u00e8ne Fragrance\u201d.<\/p>\n<p>En la imaginaci\u00f3n de Arthur K, la marca y el producto pueden tambi\u00e9n contar historias y transmitir emociones, inspir\u00e1ndose en escenas de pel\u00edculas, pinturas, literatura...<\/p>\n<p>Sc\u00e8ne Fragrance es ante todo una marca afectuosa y humana. Deseamos transmitir ciertos valores y sentimientos universales en la interacci\u00f3n con nuestros clientes: amor, osad\u00eda, memoria y recuerdos ...<\/p>\n<p>Para Arthur K, los ingredientes seleccionados para cada perfume son fundamentales y deben ser de primera calidad. Mas, seg\u00fan el concepto de Sc\u00e8ne Fragrance, lo m\u00e1s importante es la emoci\u00f3n que procura el uso de cada uno de estos elementos, tal como los colores de una diversa paleta que dar\u00e1 vida a una obra pl\u00e1stica admirable.<\/p>\n\t\t\n<style>\n#text-844304674 {\n  color: rgb(0,0,0);\n}\n#text-844304674 > * {\n  color: rgb(0,0,0);\n}\n<\/style>\n\t<\/div>\n\t\n\n\t\t<\/div>\n\t\t\t\t\t<\/div>\n\n\t\n\n\t<div id=\"col-228476707\" class=\"col medium-10 small-12 large-6 medium-col-first\"  >\n\t\t\t\t<div class=\"col-inner\"  >\n\t\t\t\n\t\t\t\n\n\n  <div class=\"banner has-hover has-parallax\" id=\"banner-608398644\">\n          <div class=\"banner-inner fill\">\n        <div class=\"banner-bg fill\" data-parallax=\"-3\" data-parallax-container=\".banner\" data-parallax-background>\n            <img decoding=\"async\" width=\"533\" height=\"800\" src=\"https:\/\/eadn-wc03-10744947.nxedge.io\/wp-content\/uploads\/2022\/10\/Tempo-SF-Arthur-K-533x800.jpg\" class=\"bg attachment-large size-large\" alt=\"\" \/>                                    \n                    <\/div>\n\t\t\n        <div class=\"banner-layers container\">\n            <div class=\"fill banner-link\"><\/div>            \n\n\n        <\/div>\n      <\/div>\n\n            \n<style>\n#banner-608398644 {\n  padding-top: 400px;\n  background-color: rgb(255, 255, 255);\n}\n#banner-608398644 .banner-bg img {\n  object-position: 21% 62%;\n}\n@media (min-width:550px) {\n  #banner-608398644 {\n    padding-top: 600px;\n  }\n}\n@media (min-width:850px) {\n  #banner-608398644 {\n    padding-top: 700px;\n  }\n}\n<\/style>\n  <\/div>\n\n\n\n\t\t<\/div>\n\t\t\t\t\n<style>\n#col-228476707 > .col-inner {\n  padding: 0px 0px 30px 0px;\n  margin: -90px 0px 0px 0px;\n}\n@media (min-width:550px) {\n  #col-228476707 > .col-inner {\n    margin: -90px 0px 0px 80px;\n  }\n}\n@media (min-width:850px) {\n  #col-228476707 > .col-inner {\n    margin: -300px 0px 0px 0px;\n  }\n}\n<\/style>\n\t<\/div>\n\n\t\n\n<\/div>\n\n\t\t<\/div>\n\t\t\t\t\t<\/div>\n\n\t\n\n<\/div>\n\n\t\t<\/div>\n\n\t\t\n<style>\n#section_461579279 {\n  padding-top: 30px;\n  padding-bottom: 30px;\n}\n#section_461579279 .section-bg-overlay {\n  background-color: rgba(255, 255, 255, 0.6);\n}\n<\/style>\n\t<\/section>\n\t\n\n\t<section class=\"section\" id=\"section_1760601802\">\n\t\t<div class=\"section-bg fill\" >\n\t\t\t\t\t\t\t\t\t\n\t\t\t\n\n\t\t<\/div>\n\n\t\t\n\n\t\t<div class=\"section-content relative\">\n\t\t\t\n\n<div class=\"row\" style=\"max-width:1200px\" id=\"row-2125863338\">\n\n\n\t<div id=\"col-719062247\" class=\"col medium-10 small-11 large-9\"  >\n\t\t\t\t<div class=\"col-inner\"  >\n\t\t\t\n\t\t\t\n\n\t<div id=\"gap-202755368\" class=\"gap-element clearfix\" style=\"display:block; height:auto;\">\n\t\t\n<style>\n#gap-202755368 {\n  padding-top: 30px;\n}\n<\/style>\n\t<\/div>\n\t\n\n\n  <div class=\"banner has-hover has-parallax\" id=\"banner-1292955435\">\n          <div class=\"banner-inner fill\">\n        <div class=\"banner-bg fill\" data-parallax=\"-3\" data-parallax-container=\".banner\" data-parallax-background>\n            <img decoding=\"async\" width=\"1020\" height=\"712\" src=\"https:\/\/eadn-wc03-10744947.nxedge.io\/wp-content\/uploads\/2022\/10\/Tempo-SF-Eternite-2.jpg\" class=\"bg attachment-large size-large\" alt=\"\" \/>                                    \n                    <\/div>\n\t\t\n        <div class=\"banner-layers container\">\n            <div class=\"fill banner-link\"><\/div>            \n\n\n        <\/div>\n      <\/div>\n\n            \n<style>\n#banner-1292955435 {\n  padding-top: 300px;\n  background-color: rgb(249, 245, 229);\n}\n#banner-1292955435 .banner-bg img {\n  object-position: 34% 60%;\n}\n@media (min-width:550px) {\n  #banner-1292955435 {\n    padding-top: 700px;\n  }\n}\n<\/style>\n  <\/div>\n\n\n\n\t\t<\/div>\n\t\t\t\t\n<style>\n#col-719062247 > .col-inner {\n  margin: 0px 0px 0px 0px;\n}\n@media (min-width:550px) {\n  #col-719062247 > .col-inner {\n    margin: 0px 0px 0px 10px;\n  }\n}\n<\/style>\n\t<\/div>\n\n\t\n\n<\/div>\n<div class=\"row align-right\" style=\"max-width:1200px\" id=\"row-1460663911\">\n\n\n\t<div id=\"col-677005310\" class=\"col medium-7 small-11 large-6\"  >\n\t\t\t\t<div class=\"col-inner\" style=\"background-color:rgb(243, 238, 216);\" >\n\t\t\t\n\t\t\t\n\n\t<div id=\"text-3270805332\" class=\"text\">\n\t\t\n\n<h2>Nuestros perfumes har\u00e1n revivir sus recuerdos a trav\u00e9s de nuestra fascinaci\u00f3n por el tiempo y el encuentro entre diferentes \u00e9pocas.<\/h2>\n\t\t\n<style>\n#text-3270805332 {\n  color: rgb(0,0,0);\n}\n#text-3270805332 > * {\n  color: rgb(0,0,0);\n}\n<\/style>\n\t<\/div>\n\t\n\t<div id=\"gap-1457316823\" class=\"gap-element clearfix\" style=\"display:block; height:auto;\">\n\t\t\n<style>\n#gap-1457316823 {\n  padding-top: 30px;\n}\n<\/style>\n\t<\/div>\n\t\n\n\t<div id=\"text-2787313524\" class=\"text kiteone\">\n\t\t\n\n<p>La Belle Epoque de los 1900s, el movimiento \u201cArt Nouveau\u201d, los locos a\u00f1os veinte\u2026 la esperanza en el futuro a los 18 a\u00f1os de edad, la confianza en uno mismo a los 30, la crisis de la mediana edad\u2026<\/p>\n<p>El fundador Arthur K cree que, independientemente del tiempo o el lugar, todos compartimos las mismas experiencias y emociones, en todas partes del mundo. Gracias a los perfumes vuelven a nosotros muchos sentimientos, momentos de alegr\u00eda, felicidad; a veces tambi\u00e9n de ansiedad o de confusi\u00f3n\u2026 nos acompa\u00f1an y nos dan valor para seguir adelante mirando hacia el futuro.<\/p>\n\t\t\n<style>\n#text-2787313524 {\n  color: rgb(0,0,0);\n}\n#text-2787313524 > * {\n  color: rgb(0,0,0);\n}\n<\/style>\n\t<\/div>\n\t\n\n\t\t<\/div>\n\t\t\t\t\n<style>\n#col-677005310 > .col-inner {\n  padding: 10% 5% 10% 5%;\n  margin: -120px -42px 0px 0px;\n}\n@media (min-width:550px) {\n  #col-677005310 > .col-inner {\n    margin: -500px -42px 0px 0px;\n  }\n}\n<\/style>\n\t<\/div>\n\n\t\n\n<\/div>\n\n\t\t<\/div>\n\n\t\t\n<style>\n#section_1760601802 {\n  padding-top: 40px;\n  padding-bottom: 40px;\n  background-color: rgb(8, 57, 82);\n}\n@media (min-width:550px) {\n  #section_1760601802 {\n    padding-top: 80px;\n    padding-bottom: 80px;\n  }\n}\n@media (min-width:850px) {\n  #section_1760601802 {\n    padding-top: 100px;\n    padding-bottom: 100px;\n  }\n}\n<\/style>\n\t<\/section>\n\t\n\n\t<section class=\"section has-parallax\" id=\"section_406342981\">\n\t\t<div class=\"section-bg fill\" data-parallax-container=\".section\" data-parallax-background data-parallax=\"-5\">\n\t\t\t<img decoding=\"async\" width=\"1920\" height=\"1080\" src=\"https:\/\/eadn-wc03-10744947.nxedge.io\/wp-content\/uploads\/2022\/09\/SF-BG-1.jpg\" class=\"bg attachment-original size-original\" alt=\"\" \/>\t\t\t\t\t\t<div class=\"section-bg-overlay absolute fill\"><\/div>\n\t\t\t\n\n\t\t<\/div>\n\n\t\t\n\n\t\t<div class=\"section-content relative\">\n\t\t\t\n\n\t<div id=\"gap-579952710\" class=\"gap-element clearfix\" style=\"display:block; height:auto;\">\n\t\t\n<style>\n#gap-579952710 {\n  padding-top: 30px;\n}\n<\/style>\n\t<\/div>\n\t\n\n<div class=\"row align-center\" style=\"max-width:1200px\" id=\"row-1947205049\">\n\n\n\t<div id=\"col-219142764\" class=\"col medium-5 small-12 large-5\"  >\n\t\t\t\t<div class=\"col-inner\"  >\n\t\t\t\n\t\t\t\n\n\n  <div class=\"banner has-hover has-parallax\" id=\"banner-1208760233\">\n          <div class=\"banner-inner fill\">\n        <div class=\"banner-bg fill\" data-parallax=\"-2\" data-parallax-container=\".banner\" data-parallax-background>\n            <img decoding=\"async\" width=\"2500\" height=\"1669\" src=\"https:\/\/eadn-wc03-10744947.nxedge.io\/wp-content\/uploads\/2022\/10\/Tempo-SF-Coincidece-3-1.jpg\" class=\"bg attachment-original size-original\" alt=\"\" \/>                                    \n                    <\/div>\n\t\t\n        <div class=\"banner-layers container\">\n            <div class=\"fill banner-link\"><\/div>            \n\n\n        <\/div>\n      <\/div>\n\n            \n<style>\n#banner-1208760233 {\n  padding-top: 99.99%;\n  background-color: rgb(255, 255, 255);\n}\n#banner-1208760233 .banner-bg img {\n  object-position: 48% 85%;\n}\n@media (min-width:550px) {\n  #banner-1208760233 {\n    padding-top: 500px;\n  }\n}\n@media (min-width:850px) {\n  #banner-1208760233 {\n    padding-top: 480px;\n  }\n}\n<\/style>\n  <\/div>\n\n\n\n\t\t<\/div>\n\t\t\t\t\n<style>\n#col-219142764 > .col-inner {\n  padding: 0px 0px 0px 0px;\n  margin: 10px 0px 0px 0px;\n}\n@media (min-width:550px) {\n  #col-219142764 > .col-inner {\n    padding: 0px 50px 0px 0px;\n  }\n}\n<\/style>\n\t<\/div>\n\n\t\n\n\t<div id=\"col-778318897\" class=\"col medium-7 small-12 large-7\"  >\n\t\t\t\t<div class=\"col-inner\"  >\n\t\t\t\n\t<div class=\"is-border\"\n\t\tstyle=\"border-width:0px 0px 0px 0px;\">\n\t<\/div>\n\t\t\t\n\n\t<div id=\"text-2236943097\" class=\"text\">\n\t\t\n\n<h2>Nuestras creaciones<\/h2>\n\t\t\n<style>\n#text-2236943097 {\n  color: rgb(0,0,0);\n}\n#text-2236943097 > * {\n  color: rgb(0,0,0);\n}\n<\/style>\n\t<\/div>\n\t\n\t<div id=\"text-1330634257\" class=\"text kiteone\">\n\t\t\n\n<p>Sc\u00e8ne Fragrance colabora con talentosos perfumistas de renombre internacional, que han capturado y restituido a la perfecci\u00f3n el esp\u00edritu de las inspiraciones originales y creativas de Arthur K.<\/p>\n<p>Cada perfume fue objeto de una larga elaboraci\u00f3n, lo cual consisti\u00f3 en seleccionar los diferentes ingredientes y ajustar minuciosamente sus proporciones, as\u00ed permitiendo a Arthur K y a los perfumistas descubrir la f\u00f3rmula m\u00e1s convincente y seductora. Si bien son \u00e9stas sutilmente compuestas, su fijaci\u00f3n y la longevidad de la estela le acompa\u00f1ar\u00e1n en cada ocasi\u00f3n, d\u00eda tras d\u00eda.<\/p>\n<p>\u00a1Sin lugar a dudas, usted caer\u00e1 bajo el hechizo de los perfumes de Sc\u00e8ne Fragrance!<\/p>\n\t\t\n<style>\n#text-1330634257 {\n  color: rgb(0,0,0);\n}\n#text-1330634257 > * {\n  color: rgb(0,0,0);\n}\n<\/style>\n\t<\/div>\n\t\n\n\t\t<\/div>\n\t\t\t\t\n<style>\n#col-778318897 > .col-inner {\n  padding: 0px 5% 0px 0px;\n  margin: 0px 0px 0px 10px;\n}\n@media (min-width:550px) {\n  #col-778318897 > .col-inner {\n    padding: 0px 5% 0px 0px;\n    margin: 30px 0px 0px 0px;\n  }\n}\n@media (min-width:850px) {\n  #col-778318897 > .col-inner {\n    padding: 5% 5% 5% 5%;\n  }\n}\n<\/style>\n\t<\/div>\n\n\t\n\n\n<style>\n#row-1947205049 > .col > .col-inner {\n  padding: 5% 5% 0px 2%;\n}\n<\/style>\n<\/div>\n<div class=\"row\" style=\"max-width:1200px\" id=\"row-848115744\">\n\n\n\t<div id=\"col-2067847309\" class=\"col medium-6 small-12 large-6\"  >\n\t\t\t\t<div class=\"col-inner\"  >\n\t\t\t\n\t\t\t\n\n\t<div id=\"text-2206097940\" class=\"text\">\n\t\t\n\n<h2>El arte del empaquetado<\/h2>\n\t\t\n<style>\n#text-2206097940 {\n  color: rgb(0,0,0);\n}\n#text-2206097940 > * {\n  color: rgb(0,0,0);\n}\n<\/style>\n\t<\/div>\n\t\n\t<div id=\"text-1896394301\" class=\"text kiteone\">\n\t\t\n\n<p>Nuestra filosof\u00eda se refleja tambi\u00e9n en nuestro empaquetado, el cual se inspira directamente en el esp\u00edritu del pasado.<\/p>\n<p>El viaje art\u00edstico de Arthur K lo lleva a proyectarse en el tiempo, reuniendo varias \u00e9pocas y mezclando diferentes estilos.<\/p>\n<p>La armon\u00eda universal y atemporal es el valor fundamental de \u201cSc\u00e8ne Fragrance\u201d. Es por eso que hemos elegido el ginkgo, a menudo considerado un \"f\u00f3sil viviente\", como nuestro logotipo, con la esperanza de poder imitar su longevidad...<\/p>\n<p>Nuestros frascos poseen una l\u00ednea elegante, moderna y minimalista, con un logo en relieve que refuerza la identidad de la marca, y una base gruesa que aporta un discreto toque de originalidad.<\/p>\n<p>La cubierta met\u00e1lica presenta una versi\u00f3n revisada de un t\u00edpico motivo de concha \u201cArt Deco\u201d. Su color dorado retro le da un brillo discreto, como un objeto precioso antiguo, y su forma reconocible al instante es, en cierto modo, la firma de \"Sc\u00e8ne Fragrance\".<\/p>\n<p>La caja hace referencia directa a los carteles del movimiento \u201cWiener Secession\u201d o \u201cSecesi\u00f3n vienesa\u201d, transmitiendo los valores de la marca en varios idiomas.<\/p>\n<p>Esperamos sinceramente que todos nuestros cuidados le conmuevan y que \u00e9stos mismos les sean fruct\u00edferos.<\/p>\n\t\t\n<style>\n#text-1896394301 {\n  color: rgb(0,0,0);\n}\n#text-1896394301 > * {\n  color: rgb(0,0,0);\n}\n<\/style>\n\t<\/div>\n\t\n\n\t\t<\/div>\n\t\t\t\t\n<style>\n#col-2067847309 > .col-inner {\n  padding: 0px 0px 0px 0px;\n  margin: 0px 0px 0px 10px;\n}\n@media (min-width:850px) {\n  #col-2067847309 > .col-inner {\n    padding: 0px 50px 0px 0px;\n    margin: 0px 0px 0px 0px;\n  }\n}\n<\/style>\n\t<\/div>\n\n\t\n\n\t<div id=\"col-1158704294\" class=\"col medium-6 small-12 large-6\"  >\n\t\t\t\t<div class=\"col-inner\"  >\n\t\t\t\n\t\t\t\n\n\n  <div class=\"banner has-hover has-parallax\" id=\"banner-1283263382\">\n          <div class=\"banner-inner fill\">\n        <div class=\"banner-bg fill\" data-parallax=\"-2\" data-parallax-container=\".banner\" data-parallax-background>\n            <img decoding=\"async\" width=\"764\" height=\"1193\" src=\"https:\/\/eadn-wc03-10744947.nxedge.io\/wp-content\/uploads\/2022\/10\/Tempo-SF-Eternite-3.jpg\" class=\"bg attachment-original size-original\" alt=\"\" \/>                                    \n                    <\/div>\n\t\t\n        <div class=\"banner-layers container\">\n            <div class=\"fill banner-link\"><\/div>            \n\n\n        <\/div>\n      <\/div>\n\n            \n<style>\n#banner-1283263382 {\n  padding-top: 600px;\n  background-color: rgb(255, 255, 255);\n}\n#banner-1283263382 .banner-bg img {\n  object-position: 47% 26%;\n}\n@media (min-width:550px) {\n  #banner-1283263382 {\n    padding-top: 100%;\n  }\n}\n@media (min-width:850px) {\n  #banner-1283263382 {\n    padding-top: 800px;\n  }\n}\n<\/style>\n  <\/div>\n\n\n\n\t\t<\/div>\n\t\t\t\t\n<style>\n#col-1158704294 > .col-inner {\n  padding: 0px 0px 0px 0;\n  margin: 50px 0px 0px 0px;\n}\n@media (min-width:550px) {\n  #col-1158704294 > .col-inner {\n    padding: 0px 0px 0px 0px;\n  }\n}\n@media (min-width:850px) {\n  #col-1158704294 > .col-inner {\n    padding: 40px 0px 0px 0px;\n  }\n}\n<\/style>\n\t<\/div>\n\n\t\n\n\n<style>\n#row-848115744 > .col > .col-inner {\n  padding: 30px 0px 0px 0px;\n}\n<\/style>\n<\/div>\n\n\t\t<\/div>\n\n\t\t\n<style>\n#section_406342981 {\n  padding-top: 70px;\n  padding-bottom: 70px;\n}\n#section_406342981 .section-bg-overlay {\n  background-color: rgba(255, 255, 255, 0.7);\n}\n<\/style>\n\t<\/section>","protected":false},"excerpt":{"rendered":"","protected":false},"author":2,"featured_media":85,"parent":0,"menu_order":0,"comment_status":"closed","ping_status":"closed","template":"page-blank.php","meta":{"om_disable_all_campaigns":false,"_monsterinsights_skip_tracking":false,"_monsterinsights_sitenote_active":false,"_monsterinsights_sitenote_note":"","_monsterinsights_sitenote_category":0,"footnotes":""},"class_list":["post-158","page","type-page","status-publish","has-post-thumbnail","hentry"],"aioseo_notices":[],"_links":{"self":[{"href":"https:\/\/scene-fragrance.com\/es\/wp-json\/wp\/v2\/pages\/158","targetHints":{"allow":["GET"]}}],"collection":[{"href":"https:\/\/scene-fragrance.com\/es\/wp-json\/wp\/v2\/pages"}],"about":[{"href":"https:\/\/scene-fragrance.com\/es\/wp-json\/wp\/v2\/types\/page"}],"author":[{"embeddable":true,"href":"https:\/\/scene-fragrance.com\/es\/wp-json\/wp\/v2\/users\/2"}],"replies":[{"embeddable":true,"href":"https:\/\/scene-fragrance.com\/es\/wp-json\/wp\/v2\/comments?post=158"}],"version-history":[{"count":10,"href":"https:\/\/scene-fragrance.com\/es\/wp-json\/wp\/v2\/pages\/158\/revisions"}],"predecessor-version":[{"id":2002,"href":"https:\/\/scene-fragrance.com\/es\/wp-json\/wp\/v2\/pages\/158\/revisions\/2002"}],"wp:featuredmedia":[{"embeddable":true,"href":"https:\/\/scene-fragrance.com\/es\/wp-json\/wp\/v2\/media\/85"}],"wp:attachment":[{"href":"https:\/\/scene-fragrance.com\/es\/wp-json\/wp\/v2\/media?parent=158"}],"curies":[{"name":"wp","href":"https:\/\/api.w.org\/{rel}","templated":true}]}}