{"id":249,"date":"2021-09-24T03:45:57","date_gmt":"2021-09-24T01:45:57","guid":{"rendered":"http:\/\/uxthemes.wpengine.com\/?post_type=product&#038;p=328"},"modified":"2026-04-14T21:05:57","modified_gmt":"2026-04-14T19:05:57","slug":"la-nuit-transfiguree","status":"publish","type":"product","link":"https:\/\/scene-fragrance.com\/es\/product\/la-nuit-transfiguree\/","title":{"rendered":"La Nuit\u2026transfigur\u00e9e<br \/>(Noche transfigurada)"},"content":{"rendered":"","protected":false},"excerpt":{"rendered":"<p><strong><p>Eau de parfum \u2013 La Nuit\u2026transfigur\u00e9e<br \/>(Noche transfigurada)<\/p><\/strong><\/p>\n<p><strong>Bajo la luz de la luna, el amor y la tolerancia nos elevan.<\/strong><\/p>\n<p>Primero un poema, luego una obra musical, hoy \u201ctransfigurada\u201d\u2026 en perfume.<\/p>\n<p>\"La Nuit Transfigur\u00e9e\" captura el encanto de la noche. Cuando el sol se pone y la ciudad se calma, nuestras mentes y cuerpos cansados finalmente pueden retirarse por fin al interior. La noche es una fuente de inspiraci\u00f3n, un \u00edntimo susurro. Cuando la noche muere, debemos emerger de la oscuridad para dar la bienvenida al nuevo d\u00eda.<\/p>\n<p>La Nuit Transfigur\u00e9e es a la vez un poema misterioso e inquietante, y una obra musical apasionante y hechizante.<\/p>","protected":false},"featured_media":758,"comment_status":"open","ping_status":"closed","template":"","meta":{"om_disable_all_campaigns":false,"_monsterinsights_skip_tracking":false,"_monsterinsights_sitenote_active":false,"_monsterinsights_sitenote_note":"","_monsterinsights_sitenote_category":0},"product_brand":[],"product_cat":[74],"product_tag":[],"class_list":{"0":"post-249","1":"product","2":"type-product","3":"status-publish","4":"has-post-thumbnail","6":"product_cat-eau-de-parfum","7":"product_shipping_class-parfum","9":"first","10":"instock","11":"taxable","12":"shipping-taxable","13":"purchasable","14":"product-type-simple"},"aioseo_notices":[],"_links":{"self":[{"href":"https:\/\/scene-fragrance.com\/es\/wp-json\/wp\/v2\/product\/249","targetHints":{"allow":["GET"]}}],"collection":[{"href":"https:\/\/scene-fragrance.com\/es\/wp-json\/wp\/v2\/product"}],"about":[{"href":"https:\/\/scene-fragrance.com\/es\/wp-json\/wp\/v2\/types\/product"}],"replies":[{"embeddable":true,"href":"https:\/\/scene-fragrance.com\/es\/wp-json\/wp\/v2\/comments?post=249"}],"wp:featuredmedia":[{"embeddable":true,"href":"https:\/\/scene-fragrance.com\/es\/wp-json\/wp\/v2\/media\/758"}],"wp:attachment":[{"href":"https:\/\/scene-fragrance.com\/es\/wp-json\/wp\/v2\/media?parent=249"}],"wp:term":[{"taxonomy":"product_brand","embeddable":true,"href":"https:\/\/scene-fragrance.com\/es\/wp-json\/wp\/v2\/product_brand?post=249"},{"taxonomy":"product_cat","embeddable":true,"href":"https:\/\/scene-fragrance.com\/es\/wp-json\/wp\/v2\/product_cat?post=249"},{"taxonomy":"product_tag","embeddable":true,"href":"https:\/\/scene-fragrance.com\/es\/wp-json\/wp\/v2\/product_tag?post=249"}],"curies":[{"name":"wp","href":"https:\/\/api.w.org\/{rel}","templated":true}]}}