{"id":470,"date":"2021-09-24T03:44:25","date_gmt":"2021-09-24T01:44:25","guid":{"rendered":"https:\/\/651c7036cf.nxcli.io\/?post_type=product&#038;p=470"},"modified":"2026-04-14T21:05:59","modified_gmt":"2026-04-14T19:05:59","slug":"echantillons","status":"publish","type":"product","link":"https:\/\/scene-fragrance.com\/es\/product\/echantillons\/","title":{"rendered":"Muestras"},"content":{"rendered":"","protected":false},"excerpt":{"rendered":"<p>Para nosotros, usted es lo m\u00e1s importante. Gracias a usted por su excelente preferencia del buen gusto, nuestros productos tienen un prop\u00f3sito. Es principalmente a trav\u00e9s de usted que mejor expresan \u00e9stos mismos todas sus cualidades.<\/p>\n<p>Por eso, Sc\u00e8ne Fragrance te ofrece una muestra gratuita de cada creaci\u00f3n. \u00a1Descubrir nuestros perfumes es muy sencillo! Solo corres con los gastos de env\u00edo.<\/p>\n<p class=\"translation-block\">Para agradecerle cualquier compra de las muestras, <strong>le ofrecemos un c\u00f3digo de descuento de 10\u20ac<\/strong> por correo electr\u00f3nico, para usar en su pr\u00f3ximo pedido en todos los productos de nuestro sitio.<\/p>","protected":false},"featured_media":840,"comment_status":"open","ping_status":"closed","template":"","meta":{"om_disable_all_campaigns":false,"_monsterinsights_skip_tracking":false,"_monsterinsights_sitenote_active":false,"_monsterinsights_sitenote_note":"","_monsterinsights_sitenote_category":0},"product_brand":[],"product_cat":[74],"product_tag":[],"class_list":{"0":"post-470","1":"product","2":"type-product","3":"status-publish","4":"has-post-thumbnail","6":"product_cat-eau-de-parfum","7":"product_shipping_class-echantillon","9":"first","10":"instock","11":"sold-individually","12":"taxable","13":"shipping-taxable","14":"purchasable","15":"product-type-variable"},"aioseo_notices":[],"_links":{"self":[{"href":"https:\/\/scene-fragrance.com\/es\/wp-json\/wp\/v2\/product\/470","targetHints":{"allow":["GET"]}}],"collection":[{"href":"https:\/\/scene-fragrance.com\/es\/wp-json\/wp\/v2\/product"}],"about":[{"href":"https:\/\/scene-fragrance.com\/es\/wp-json\/wp\/v2\/types\/product"}],"replies":[{"embeddable":true,"href":"https:\/\/scene-fragrance.com\/es\/wp-json\/wp\/v2\/comments?post=470"}],"wp:featuredmedia":[{"embeddable":true,"href":"https:\/\/scene-fragrance.com\/es\/wp-json\/wp\/v2\/media\/840"}],"wp:attachment":[{"href":"https:\/\/scene-fragrance.com\/es\/wp-json\/wp\/v2\/media?parent=470"}],"wp:term":[{"taxonomy":"product_brand","embeddable":true,"href":"https:\/\/scene-fragrance.com\/es\/wp-json\/wp\/v2\/product_brand?post=470"},{"taxonomy":"product_cat","embeddable":true,"href":"https:\/\/scene-fragrance.com\/es\/wp-json\/wp\/v2\/product_cat?post=470"},{"taxonomy":"product_tag","embeddable":true,"href":"https:\/\/scene-fragrance.com\/es\/wp-json\/wp\/v2\/product_tag?post=470"}],"curies":[{"name":"wp","href":"https:\/\/api.w.org\/{rel}","templated":true}]}}