{"id":101,"date":"2016-08-04T11:15:19","date_gmt":"2016-08-04T11:15:19","guid":{"rendered":"http:\/\/flatsome.dev\/?page_id=8412"},"modified":"2024-06-25T15:20:36","modified_gmt":"2024-06-25T13:20:36","slug":"membre","status":"publish","type":"page","link":"https:\/\/scene-fragrance.com\/fr_fr\/membre\/","title":{"rendered":"Avantages"},"content":{"rendered":"\n\n\t<section class=\"section has-parallax\" id=\"section_32334926\">\n\t\t<div class=\"section-bg fill\" data-parallax-container=\".section\" data-parallax-background data-parallax=\"-10\">\n\t\t\t<img decoding=\"async\" width=\"1920\" height=\"1080\" src=\"https:\/\/eadn-wc03-10744947.nxedge.io\/wp-content\/uploads\/2023\/08\/SF-BG-2.jpg\" class=\"bg attachment- size-\" alt=\"\" \/>\t\t\t\t\t\t<div class=\"section-bg-overlay absolute fill\"><\/div>\n\t\t\t\n\n\t\t<\/div>\n\n\t\t\n\n\t\t<div class=\"section-content relative\">\n\t\t\t\n\n<div class=\"row align-middle align-center\"  id=\"row-490598342\">\n\n\n\t<div id=\"col-1795241357\" class=\"col medium-10 small-12 large-10\"  >\n\t\t\t\t<div class=\"col-inner dark\"  >\n\t\t\t\n\t\t\t\n\n<div class=\"container section-title-container\" ><h2 class=\"section-title section-title-center\"><b aria-hidden=\"true\"><\/b><span class=\"section-title-main\" style=\"color:rgb(255, 255, 255);\">Ce qui nous importe le plus, c'est... vous.<\/span><b aria-hidden=\"true\"><\/b><\/h2><\/div>\n\n\t<div id=\"text-831530205\" class=\"text\">\n\t\t\n\n<p>C\u2019est pourquoi Sc\u00e8ne Fragrance vous propose un service de qualit\u00e9 avec de nombreux avantages.\u00a0<\/p>\n\t\t\n<style>\n#text-831530205 {\n  text-align: center;\n  color: rgb(255, 255, 255);\n}\n#text-831530205 > * {\n  color: rgb(255, 255, 255);\n}\n<\/style>\n\t<\/div>\n\t\n\n\t\t<\/div>\n\t\t\t\t\t<\/div>\n\n\t\n\n<\/div>\n  <div class=\"banner-grid-wrapper\">\n  <div id=\"banner-grid-1680632703\" class=\"banner-grid row row-grid row-collapse\" data-packery-options=\"\">\n                      \n\n<div class=\"col grid-col small-14 large-4 grid-col-1-2\" ><div class=\"col-inner\">\n\n\n  <div class=\"banner has-hover\" id=\"banner-1398932471\">\n          <div class=\"banner-inner fill\">\n        <div class=\"banner-bg fill\" >\n            <img decoding=\"async\" width=\"1020\" height=\"655\" src=\"https:\/\/eadn-wc03-10744947.nxedge.io\/wp-content\/uploads\/2022\/09\/Histoire_BG-1246x800.jpg\" class=\"bg attachment-large size-large\" alt=\"\" \/>                                    \n                    <\/div>\n\t\t\n        <div class=\"banner-layers container\">\n            <div class=\"fill banner-link\"><\/div>            \n\n\n        <\/div>\n      <\/div>\n\n            \n<style>\n#banner-1398932471 {\n  padding-top: 500px;\n}\n#banner-1398932471 .banner-bg img {\n  object-position: 49% 61%;\n}\n<\/style>\n  <\/div>\n\n\n\n<\/div><\/div>\n<div class=\"col grid-col small-13 large-4 grid-col-1-2\" data-animate=\"none\"><div class=\"col-inner\">\n\n\n  <div class=\"banner has-hover\" id=\"banner-1061821414\">\n          <div class=\"banner-inner fill\">\n        <div class=\"banner-bg fill\" >\n                                    <div class=\"overlay\"><\/div>            \n                    <\/div>\n\t\t\n        <div class=\"banner-layers container\">\n            <div class=\"fill banner-link\"><\/div>            \n\n   <div id=\"text-box-1819713863\" class=\"text-box banner-layer x50 md-x50 lg-x50 y50 md-y50 lg-y50 res-text\">\n                                <div class=\"text-box-content text \">\n              \n              <div class=\"text-inner text-center\">\n                  \n\n\t<div id=\"gap-240953423\" class=\"gap-element clearfix\" style=\"display:block; height:auto;\">\n\t\t\n<style>\n#gap-240953423 {\n  padding-top: 10px;\n}\n<\/style>\n\t<\/div>\n\t\n\n\t<div id=\"text-2966282397\" class=\"text\">\n\t\t\n\n<h3 class=\"uppercase\" style=\"text-align: center;\"><strong>Traduction<\/strong><\/h3>\n<p>Notre site web propose 10 langues diff\u00e9rentes pour partager nos id\u00e9es et communiquer avec des amis du monde entier.<\/p>\n\t\t\n<style>\n#text-2966282397 {\n  font-size: 1rem;\n  text-align: left;\n}\n<\/style>\n\t<\/div>\n\t\n\t<div id=\"text-3943202631\" class=\"text\">\n\t\t\n\n\n\t\t\n<style>\n#text-3943202631 {\n  font-size: 1rem;\n}\n<\/style>\n\t<\/div>\n\t\n\n              <\/div>\n           <\/div>\n                            \n<style>\n#text-box-1819713863 {\n  width: 85%;\n}\n#text-box-1819713863 .text-box-content {\n  font-size: 100%;\n}\n<\/style>\n    <\/div>\n \n\n        <\/div>\n      <\/div>\n\n            \n<style>\n#banner-1061821414 {\n  padding-top: 500px;\n}\n#banner-1061821414 .overlay {\n  background-color: rgba(255, 255, 255, 0.9);\n}\n<\/style>\n  <\/div>\n\n\n\n<\/div><\/div>\n<div class=\"col grid-col small-12 large-4 grid-col-1-2\" ><div class=\"col-inner\">\n\n\n  <div class=\"banner has-hover\" id=\"banner-542085853\">\n          <div class=\"banner-inner fill\">\n        <div class=\"banner-bg fill\" >\n            <img decoding=\"async\" width=\"1020\" height=\"668\" src=\"https:\/\/eadn-wc03-10744947.nxedge.io\/wp-content\/uploads\/2021\/09\/SF-Echantillon-1.jpg\" class=\"bg attachment-large size-large\" alt=\"\" \/>                                    \n                    <\/div>\n\t\t\n        <div class=\"banner-layers container\">\n            <div class=\"fill banner-link\"><\/div>            \n\n\n        <\/div>\n      <\/div>\n\n            \n<style>\n#banner-542085853 {\n  padding-top: 500px;\n}\n<\/style>\n  <\/div>\n\n\n\n<\/div><\/div>\n<div class=\"col grid-col small-15 large-4 grid-col-1-2\" ><div class=\"col-inner\">\n\n\n  <div class=\"banner has-hover\" id=\"banner-1801054521\">\n          <div class=\"banner-inner fill\">\n        <div class=\"banner-bg fill\" >\n                                    <div class=\"overlay\"><\/div>            \n                    <\/div>\n\t\t\n        <div class=\"banner-layers container\">\n            <div class=\"fill banner-link\"><\/div>            \n\n   <div id=\"text-box-2116504077\" class=\"text-box banner-layer x50 md-x50 lg-x50 y50 md-y50 lg-y50 res-text\">\n                                <div class=\"text-box-content text \">\n              \n              <div class=\"text-inner text-center\">\n                  \n\n\t<div id=\"gap-1274319728\" class=\"gap-element clearfix\" style=\"display:block; height:auto;\">\n\t\t\n<style>\n#gap-1274319728 {\n  padding-top: 10px;\n}\n<\/style>\n\t<\/div>\n\t\n\n\t<div id=\"text-3039822653\" class=\"text\">\n\t\t\n\n<h3 class=\"uppercase\" style=\"text-align: center;\"><strong>Echantillon gratuit<\/strong><\/h3>\n<p style=\"text-align: left;\"><span style=\"font-size: 115%;\">Nous offrons un \u00e9chantillon de chaque parfum \u00e0 tous nos membres\u00a0!<\/span><\/p>\n\t\t\n<style>\n#text-3039822653 {\n  font-size: 1rem;\n}\n<\/style>\n\t<\/div>\n\t\n\n              <\/div>\n           <\/div>\n                            \n<style>\n#text-box-2116504077 {\n  width: 85%;\n}\n#text-box-2116504077 .text-box-content {\n  font-size: 100%;\n}\n<\/style>\n    <\/div>\n \n\n        <\/div>\n      <\/div>\n\n            \n<style>\n#banner-1801054521 {\n  padding-top: 500px;\n}\n#banner-1801054521 .overlay {\n  background-color: rgba(255, 255, 255, 0.9);\n}\n<\/style>\n  <\/div>\n\n\n\n<\/div><\/div>\n<div class=\"col grid-col small-12 large-4 grid-col-1-2\" ><div class=\"col-inner\">\n\n\n  <div class=\"banner has-hover\" id=\"banner-97409735\">\n          <div class=\"banner-inner fill\">\n        <div class=\"banner-bg fill\" >\n            <img decoding=\"async\" width=\"482\" height=\"400\" src=\"https:\/\/eadn-wc03-10744947.nxedge.io\/wp-content\/uploads\/2022\/12\/vip3-2-482x400.jpg\" class=\"bg attachment-medium size-medium\" alt=\"\" \/>                                    \n                    <\/div>\n\t\t\n        <div class=\"banner-layers container\">\n            <div class=\"fill banner-link\"><\/div>            \n\n\n        <\/div>\n      <\/div>\n\n            \n<style>\n#banner-97409735 {\n  padding-top: 500px;\n}\n#banner-97409735 .banner-bg img {\n  object-position: 50% 50%;\n}\n<\/style>\n  <\/div>\n\n\n\n<\/div><\/div>\n<div class=\"col grid-col small-13 large-4 grid-col-1-2\" ><div class=\"col-inner\">\n\n\n  <div class=\"banner has-hover\" id=\"banner-1336444469\">\n          <div class=\"banner-inner fill\">\n        <div class=\"banner-bg fill\" >\n                                    <div class=\"overlay\"><\/div>            \n                    <\/div>\n\t\t\n        <div class=\"banner-layers container\">\n            <div class=\"fill banner-link\"><\/div>            \n\n   <div id=\"text-box-2032967377\" class=\"text-box banner-layer x50 md-x50 lg-x50 y50 md-y50 lg-y50 res-text\">\n                                <div class=\"text-box-content text \">\n              \n              <div class=\"text-inner text-center\">\n                  \n\n\t<div id=\"gap-1235018879\" class=\"gap-element clearfix\" style=\"display:block; height:auto;\">\n\t\t\n<style>\n#gap-1235018879 {\n  padding-top: 10px;\n}\n<\/style>\n\t<\/div>\n\t\n\n\t<div id=\"text-2868842516\" class=\"text\">\n\t\t\n\n<h4 class=\"uppercase\" style=\"text-align: center;\"><strong>Programme d&#8217;Ambassadeur<\/strong><\/h4>\n<p style=\"text-align: left;\">&#8220;Le partage&#8221; est l&#8217;un de nos principes fondamentaux de marque. En plus de partager de bons produits et de bonnes histoires, notre Programme d&#8217;Ambassadeur vous offre une r\u00e9partition directe des commissions.<\/p>\n\t\t\n<style>\n#text-2868842516 {\n  font-size: 1rem;\n}\n<\/style>\n\t<\/div>\n\t\n\n              <\/div>\n           <\/div>\n                            \n<style>\n#text-box-2032967377 {\n  width: 85%;\n}\n#text-box-2032967377 .text-box-content {\n  font-size: 100%;\n}\n<\/style>\n    <\/div>\n \n\n        <\/div>\n      <\/div>\n\n            \n<style>\n#banner-1336444469 {\n  padding-top: 500px;\n}\n#banner-1336444469 .overlay {\n  background-color: rgba(255, 255, 255, 0.9);\n}\n<\/style>\n  <\/div>\n\n\n\n<\/div><\/div>\n\n            <\/div>\n    <style>\n    #banner-grid-1680632703 .grid-col-1{height: 550px}\n    #banner-grid-1680632703 .grid-col-1-2{height: 275px}\n    #banner-grid-1680632703 .grid-col-1-3{height:183.33333333333px}\n    #banner-grid-1680632703 .grid-col-2-3{height: 366.66666666667px}\n    #banner-grid-1680632703 .grid-col-1-4{height: 137.5px}\n    #banner-grid-1680632703 .grid-col-3-4{height: 412.5px}\n\n\n    \n    \n\n  <\/style>\n    <\/div>\n  \n  <div class=\"banner-grid-wrapper\">\n  <div id=\"banner-grid-590091491\" class=\"banner-grid row row-grid row-collapse\" data-packery-options=\"\">\n                      \n\n<div class=\"col grid-col small-14 large-4 grid-col-1-2\" ><div class=\"col-inner\">\n\n\n  <div class=\"banner has-hover\" id=\"banner-809650225\">\n          <div class=\"banner-inner fill\">\n        <div class=\"banner-bg fill\" >\n            <img decoding=\"async\" width=\"1020\" height=\"737\" src=\"https:\/\/eadn-wc03-10744947.nxedge.io\/wp-content\/uploads\/2022\/12\/Point.jpg\" class=\"bg attachment-large size-large\" alt=\"\" \/>                                    \n                    <\/div>\n\t\t\n        <div class=\"banner-layers container\">\n            <div class=\"fill banner-link\"><\/div>            \n\n\n        <\/div>\n      <\/div>\n\n            \n<style>\n#banner-809650225 {\n  padding-top: 500px;\n}\n#banner-809650225 .banner-bg img {\n  object-position: 50% 50%;\n}\n<\/style>\n  <\/div>\n\n\n\n<\/div><\/div>\n<div class=\"col grid-col small-13 large-4 grid-col-1-2\" data-animate=\"none\"><div class=\"col-inner\">\n\n\n  <div class=\"banner has-hover\" id=\"banner-1232982240\">\n          <div class=\"banner-inner fill\">\n        <div class=\"banner-bg fill\" >\n                                    <div class=\"overlay\"><\/div>            \n                    <\/div>\n\t\t\n        <div class=\"banner-layers container\">\n            <div class=\"fill banner-link\"><\/div>            \n\n   <div id=\"text-box-442388751\" class=\"text-box banner-layer x50 md-x50 lg-x50 y50 md-y50 lg-y50 res-text\">\n                                <div class=\"text-box-content text \">\n              \n              <div class=\"text-inner text-center\">\n                  \n\n\t<div id=\"gap-284206836\" class=\"gap-element clearfix\" style=\"display:block; height:auto;\">\n\t\t\n<style>\n#gap-284206836 {\n  padding-top: 10px;\n}\n<\/style>\n\t<\/div>\n\t\n\n\t<div id=\"text-895183864\" class=\"text\">\n\t\t\n\n<h3 class=\"uppercase\" style=\"text-align: center;\"><strong>Points<\/strong><\/h3>\n<p style=\"text-align: left;\"><span style=\"font-size: 115%;\">Quand vous avez cumul\u00e9 100 points, nous vous offrons un parfum !<\/span><\/p>\n\t\t\n<style>\n#text-895183864 {\n  font-size: 1rem;\n}\n<\/style>\n\t<\/div>\n\t\n\n              <\/div>\n           <\/div>\n                            \n<style>\n#text-box-442388751 {\n  width: 85%;\n}\n#text-box-442388751 .text-box-content {\n  font-size: 100%;\n}\n<\/style>\n    <\/div>\n \n\n        <\/div>\n      <\/div>\n\n            \n<style>\n#banner-1232982240 {\n  padding-top: 500px;\n}\n#banner-1232982240 .overlay {\n  background-color: rgba(255, 255, 255, 0.9);\n}\n<\/style>\n  <\/div>\n\n\n\n<\/div><\/div>\n<div class=\"col grid-col small-12 large-4 grid-col-1-2\" ><div class=\"col-inner\">\n\n\n  <div class=\"banner has-hover\" id=\"banner-335760856\">\n          <div class=\"banner-inner fill\">\n        <div class=\"banner-bg fill\" >\n            <img decoding=\"async\" width=\"1000\" height=\"797\" src=\"https:\/\/eadn-wc03-10744947.nxedge.io\/wp-content\/uploads\/2022\/12\/Robot2.jpg\" class=\"bg attachment-large size-large\" alt=\"\" \/>                                    \n                    <\/div>\n\t\t\n        <div class=\"banner-layers container\">\n            <div class=\"fill banner-link\"><\/div>            \n\n\n        <\/div>\n      <\/div>\n\n            \n<style>\n#banner-335760856 {\n  padding-top: 500px;\n}\n#banner-335760856 .banner-bg img {\n  object-position: 50% 50%;\n}\n<\/style>\n  <\/div>\n\n\n\n<\/div><\/div>\n<div class=\"col grid-col small-15 large-4 grid-col-1-2\" ><div class=\"col-inner\">\n\n\n  <div class=\"banner has-hover\" id=\"banner-397439731\">\n          <div class=\"banner-inner fill\">\n        <div class=\"banner-bg fill\" >\n                                    <div class=\"overlay\"><\/div>            \n                    <\/div>\n\t\t\n        <div class=\"banner-layers container\">\n            <div class=\"fill banner-link\"><\/div>            \n\n   <div id=\"text-box-1691393571\" class=\"text-box banner-layer x50 md-x50 lg-x50 y50 md-y50 lg-y50 res-text\">\n                                <div class=\"text-box-content text \">\n              \n              <div class=\"text-inner text-center\">\n                  \n\n\t<div id=\"gap-1473287131\" class=\"gap-element clearfix\" style=\"display:block; height:auto;\">\n\t\t\n<style>\n#gap-1473287131 {\n  padding-top: 10px;\n}\n<\/style>\n\t<\/div>\n\t\n\n\t<div id=\"text-3203851466\" class=\"text\">\n\t\t\n\n<h3 class=\"uppercase\" style=\"text-align: center;\"><strong>SERVICE Client<\/strong><\/h3>\n<p style=\"text-align: center;\"><span style=\"font-size: 115%;\">Suivi de livraison<br \/>Retour et remboursement<\/span><\/p>\n\t\t\n<style>\n#text-3203851466 {\n  font-size: 1rem;\n}\n<\/style>\n\t<\/div>\n\t\n\n              <\/div>\n           <\/div>\n                            \n<style>\n#text-box-1691393571 {\n  width: 85%;\n}\n#text-box-1691393571 .text-box-content {\n  font-size: 100%;\n}\n<\/style>\n    <\/div>\n \n\n        <\/div>\n      <\/div>\n\n            \n<style>\n#banner-397439731 {\n  padding-top: 500px;\n}\n#banner-397439731 .overlay {\n  background-color: rgba(255, 255, 255, 0.9);\n}\n<\/style>\n  <\/div>\n\n\n\n<\/div><\/div>\n<div class=\"col grid-col small-12 large-4 grid-col-1-2\" ><div class=\"col-inner\">\n\n\n  <div class=\"banner has-hover\" id=\"banner-1180530454\">\n          <div class=\"banner-inner fill\">\n        <div class=\"banner-bg fill\" >\n            <img decoding=\"async\" width=\"1000\" height=\"667\" src=\"https:\/\/eadn-wc03-10744947.nxedge.io\/wp-content\/uploads\/2022\/12\/Invitation2.jpg\" class=\"bg attachment-large size-large\" alt=\"\" \/>                                    \n                    <\/div>\n\t\t\n        <div class=\"banner-layers container\">\n            <div class=\"fill banner-link\"><\/div>            \n\n\n        <\/div>\n      <\/div>\n\n            \n<style>\n#banner-1180530454 {\n  padding-top: 500px;\n}\n#banner-1180530454 .banner-bg img {\n  object-position: 50% 50%;\n}\n<\/style>\n  <\/div>\n\n\n\n<\/div><\/div>\n<div class=\"col grid-col small-13 large-4 grid-col-1-2\" ><div class=\"col-inner\">\n\n\n  <div class=\"banner has-hover\" id=\"banner-406878404\">\n          <div class=\"banner-inner fill\">\n        <div class=\"banner-bg fill\" >\n                                    <div class=\"overlay\"><\/div>            \n                    <\/div>\n\t\t\n        <div class=\"banner-layers container\">\n            <div class=\"fill banner-link\"><\/div>            \n\n   <div id=\"text-box-1479316027\" class=\"text-box banner-layer x50 md-x50 lg-x50 y50 md-y50 lg-y50 res-text\">\n                                <div class=\"text-box-content text \">\n              \n              <div class=\"text-inner text-center\">\n                  \n\n\t<div id=\"gap-111780341\" class=\"gap-element clearfix\" style=\"display:block; height:auto;\">\n\t\t\n<style>\n#gap-111780341 {\n  padding-top: 10px;\n}\n<\/style>\n\t<\/div>\n\t\n\n\t<div id=\"text-2171548990\" class=\"text\">\n\t\t\n\n<h3 class=\"uppercase\" style=\"text-align: center;\"><strong>Invitation<\/strong><\/h3>\n<p style=\"text-align: left;\"><span style=\"font-size: 115%;\">Lorsque nous organisons un pop-up store (magasin \u00e9ph\u00e9m\u00e8re), ou un \u00e9v\u00e8nement de lancement de produit, vous recevez une invitation personnelle.<\/span><\/p>\n\t\t\n<style>\n#text-2171548990 {\n  font-size: 1rem;\n}\n<\/style>\n\t<\/div>\n\t\n\n              <\/div>\n           <\/div>\n                            \n<style>\n#text-box-1479316027 {\n  width: 85%;\n}\n#text-box-1479316027 .text-box-content {\n  font-size: 100%;\n}\n<\/style>\n    <\/div>\n \n\n        <\/div>\n      <\/div>\n\n            \n<style>\n#banner-406878404 {\n  padding-top: 500px;\n}\n#banner-406878404 .overlay {\n  background-color: rgba(255, 255, 255, 0.9);\n}\n<\/style>\n  <\/div>\n\n\n\n<\/div><\/div>\n\n            <\/div>\n    <style>\n    #banner-grid-590091491 .grid-col-1{height: 550px}\n    #banner-grid-590091491 .grid-col-1-2{height: 275px}\n    #banner-grid-590091491 .grid-col-1-3{height:183.33333333333px}\n    #banner-grid-590091491 .grid-col-2-3{height: 366.66666666667px}\n    #banner-grid-590091491 .grid-col-1-4{height: 137.5px}\n    #banner-grid-590091491 .grid-col-3-4{height: 412.5px}\n\n\n    \n    \n\n  <\/style>\n    <\/div>\n  \n\n\t\t<\/div>\n\n\t\t\n<style>\n#section_32334926 {\n  padding-top: 0px;\n  padding-bottom: 0px;\n}\n#section_32334926 .section-bg-overlay {\n  background-color: rgba(68, 96, 132, 0.5);\n}\n#section_32334926 .section-bg img {\n  object-position: 50% 50%;\n}\n@media (min-width:550px) {\n  #section_32334926 {\n    padding-top: 80px;\n    padding-bottom: 80px;\n  }\n}\n<\/style>\n\t<\/section>\n\t\n\n\n\n","protected":false},"excerpt":{"rendered":"","protected":false},"author":2,"featured_media":85,"parent":0,"menu_order":0,"comment_status":"closed","ping_status":"closed","template":"page-blank.php","meta":{"om_disable_all_campaigns":false,"_monsterinsights_skip_tracking":false,"_monsterinsights_sitenote_active":false,"_monsterinsights_sitenote_note":"","_monsterinsights_sitenote_category":0,"footnotes":""},"class_list":["post-101","page","type-page","status-publish","has-post-thumbnail","hentry"],"aioseo_notices":[],"_links":{"self":[{"href":"https:\/\/scene-fragrance.com\/fr_fr\/wp-json\/wp\/v2\/pages\/101","targetHints":{"allow":["GET"]}}],"collection":[{"href":"https:\/\/scene-fragrance.com\/fr_fr\/wp-json\/wp\/v2\/pages"}],"about":[{"href":"https:\/\/scene-fragrance.com\/fr_fr\/wp-json\/wp\/v2\/types\/page"}],"author":[{"embeddable":true,"href":"https:\/\/scene-fragrance.com\/fr_fr\/wp-json\/wp\/v2\/users\/2"}],"replies":[{"embeddable":true,"href":"https:\/\/scene-fragrance.com\/fr_fr\/wp-json\/wp\/v2\/comments?post=101"}],"version-history":[{"count":9,"href":"https:\/\/scene-fragrance.com\/fr_fr\/wp-json\/wp\/v2\/pages\/101\/revisions"}],"predecessor-version":[{"id":1965,"href":"https:\/\/scene-fragrance.com\/fr_fr\/wp-json\/wp\/v2\/pages\/101\/revisions\/1965"}],"wp:featuredmedia":[{"embeddable":true,"href":"https:\/\/scene-fragrance.com\/fr_fr\/wp-json\/wp\/v2\/media\/85"}],"wp:attachment":[{"href":"https:\/\/scene-fragrance.com\/fr_fr\/wp-json\/wp\/v2\/media?parent=101"}],"curies":[{"name":"wp","href":"https:\/\/api.w.org\/{rel}","templated":true}]}}