{"id":158,"date":"2013-08-11T19:06:15","date_gmt":"2013-08-11T19:06:15","guid":{"rendered":"http:\/\/localhost:8888\/test\/?page_id=520"},"modified":"2024-07-02T23:49:33","modified_gmt":"2024-07-02T21:49:33","slug":"concept","status":"publish","type":"page","link":"https:\/\/scene-fragrance.com\/fr_fr\/concept\/","title":{"rendered":"Concept"},"content":{"rendered":"\n\n\t<section class=\"section\" id=\"section_698166286\">\n\t\t<div class=\"section-bg fill\" >\n\t\t\t<img decoding=\"async\" width=\"1920\" height=\"800\" src=\"https:\/\/eadn-wc03-10744947.nxedge.io\/wp-content\/uploads\/2022\/09\/SF-Banner-2.jpg\" class=\"bg attachment- size-\" alt=\"\" \/>\t\t\t\t\t\t\n\t\t\t\n\n\t\t<\/div>\n\n\t\t\n\n\t\t<div class=\"section-content relative\">\n\t\t\t\n\n<div class=\"row\" style=\"max-width:1200px\" id=\"row-1527420643\">\n\n\n\t<div id=\"col-1376154920\" class=\"col medium-6 small-12 large-5\"  >\n\t\t\t\t<div class=\"col-inner\"  >\n\t\t\t\n\t\t\t\n\n\t<div id=\"gap-439704334\" class=\"gap-element clearfix\" style=\"display:block; height:auto;\">\n\t\t\n<style>\n#gap-439704334 {\n  padding-top: 60px;\n}\n<\/style>\n\t<\/div>\n\t\n\n\t<div id=\"text-3838228494\" class=\"text\">\n\t\t\n\n<h3>Notre Philosophie<\/h3>\n\t\t\n<style>\n#text-3838228494 {\n  font-size: 2.8rem;\n  color: rgb(255,255,255);\n}\n#text-3838228494 > * {\n  color: rgb(255,255,255);\n}\n<\/style>\n\t<\/div>\n\t\n\n\t\t<\/div>\n\t\t\t\t\t<\/div>\n\n\t\n\n<\/div>\n\n\t\t<\/div>\n\n\t\t\n<style>\n#section_698166286 {\n  padding-top: 30px;\n  padding-bottom: 30px;\n  min-height: 300px;\n  background-color: rgb(8, 57, 82);\n}\n#section_698166286 .section-bg img {\n  object-position: 48% 58%;\n}\n@media (min-width:550px) {\n  #section_698166286 {\n    min-height: 450px;\n  }\n}\n<\/style>\n\t<\/section>\n\t\n\n\t<section class=\"section\" id=\"section_897413885\">\n\t\t<div class=\"section-bg fill\" >\n\t\t\t<img decoding=\"async\" width=\"1920\" height=\"1080\" src=\"https:\/\/eadn-wc03-10744947.nxedge.io\/wp-content\/uploads\/2022\/09\/SF-BG-1-fond-1.jpg\" class=\"bg attachment- size-\" alt=\"\" \/>\t\t\t\t\t\t<div class=\"section-bg-overlay absolute fill\"><\/div>\n\t\t\t\n\n\t\t<\/div>\n\n\t\t\n\n\t\t<div class=\"section-content relative\">\n\t\t\t\n\n<div class=\"row\" style=\"max-width:1200px\" id=\"row-144859530\">\n\n\n\t<div id=\"col-838765096\" class=\"col small-12 large-12\"  >\n\t\t\t\t<div class=\"col-inner\"  >\n\t\t\t\n\t\t\t\n\n<div class=\"row align-middle\" style=\"max-width:1200px\" id=\"row-813602818\">\n\n\n\t<div id=\"col-743441489\" class=\"col medium-12 small-12 large-6\"  >\n\t\t\t\t<div class=\"col-inner\"  >\n\t\t\t\n\t\t\t\n\n\t<div id=\"text-3845078907\" class=\"text\">\n\t\t\n\n<h2>Nous nous inspirons des sc\u00e8nes artistiques<\/h2>\n\t\t\n<style>\n#text-3845078907 {\n  color: rgb(0,0,0);\n}\n#text-3845078907 > * {\n  color: rgb(0,0,0);\n}\n<\/style>\n\t<\/div>\n\t\n\t<div id=\"text-3590015302\" class=\"text kiteone\">\n\t\t\n\n<p>Arthur K, fondateur de Sc\u00e8ne Fragrance, n&#8217;est pas seulement un passionn\u00e9 de parfums mais aussi un artiste.<\/p>\n<p>Dou\u00e9 d\u2019une sensibilit\u00e9 aigu\u00eb, il a souhait\u00e9 marier ses deux domaines de pr\u00e9dilection, en apportant au Parfum une touche artistique originale. Son immersion de longue date dans le milieu culturel parisien, particuli\u00e8rement cr\u00e9atif et vari\u00e9, l\u2019ont inspir\u00e9 pour cr\u00e9er sa propre marque \u00ab Sc\u00e8ne Fragrance \u00bb.<\/p>\n<p>Dans l\u2019imaginaire d\u2019Arthur K, une marque et un produit peuvent aussi raconter des histoires et procurer des \u00e9motions, en s\u2019inspirant de sc\u00e8nes de films, de peintures, de litt\u00e9rature\u2026<\/p>\n<p>Sc\u00e8ne Fragrance se veut avant tout une marque chaleureuse et humaine. En interaction avec nos clients, nous aspirons \u00e0 transmettre certaines valeurs et sentiments universels : amour, courage, m\u00e9moire et souvenirs\u2026<\/p>\n<p>Pour Arthur K, les ingr\u00e9dients s\u00e9lectionn\u00e9s pour chaque parfum sont essentiels et se doivent d\u2019\u00eatre de premi\u00e8re qualit\u00e9. Mais selon le concept de Sc\u00e8ne Fragrance, le plus important est l\u2019\u00e9motion procur\u00e9e par l\u2019utilisation de chacun de ces \u00e9l\u00e9ments, comme les couleurs d\u2019une vaste palette donnant vie \u00e0 un tableau admirable.<\/p>\n\t\t\n<style>\n#text-3590015302 {\n  color: rgb(0,0,0);\n}\n#text-3590015302 > * {\n  color: rgb(0,0,0);\n}\n<\/style>\n\t<\/div>\n\t\n\n\t\t<\/div>\n\t\t\t\t\t<\/div>\n\n\t\n\n\t<div id=\"col-49932719\" class=\"col medium-10 small-12 large-6 medium-col-first\"  >\n\t\t\t\t<div class=\"col-inner\"  >\n\t\t\t\n\t\t\t\n\n\n  <div class=\"banner has-hover has-parallax\" id=\"banner-1880510550\">\n          <div class=\"banner-inner fill\">\n        <div class=\"banner-bg fill\" data-parallax=\"-3\" data-parallax-container=\".banner\" data-parallax-background>\n            <img decoding=\"async\" width=\"533\" height=\"800\" src=\"https:\/\/eadn-wc03-10744947.nxedge.io\/wp-content\/uploads\/2022\/10\/Tempo-SF-Arthur-K-533x800.jpg\" class=\"bg attachment-large size-large\" alt=\"\" \/>                                    \n                    <\/div>\n\t\t\n        <div class=\"banner-layers container\">\n            <div class=\"fill banner-link\"><\/div>            \n\n\n        <\/div>\n      <\/div>\n\n            \n<style>\n#banner-1880510550 {\n  padding-top: 400px;\n  background-color: rgb(255, 255, 255);\n}\n#banner-1880510550 .banner-bg img {\n  object-position: 21% 62%;\n}\n@media (min-width:550px) {\n  #banner-1880510550 {\n    padding-top: 600px;\n  }\n}\n@media (min-width:850px) {\n  #banner-1880510550 {\n    padding-top: 700px;\n  }\n}\n<\/style>\n  <\/div>\n\n\n\n\t\t<\/div>\n\t\t\t\t\n<style>\n#col-49932719 > .col-inner {\n  padding: 0px 0px 30px 0px;\n  margin: -90px 0px 0px 0px;\n}\n@media (min-width:550px) {\n  #col-49932719 > .col-inner {\n    margin: -90px 0px 0px 80px;\n  }\n}\n@media (min-width:850px) {\n  #col-49932719 > .col-inner {\n    margin: -300px 0px 0px 0px;\n  }\n}\n<\/style>\n\t<\/div>\n\n\t\n\n<\/div>\n\n\t\t<\/div>\n\t\t\t\t\t<\/div>\n\n\t\n\n<\/div>\n\n\t\t<\/div>\n\n\t\t\n<style>\n#section_897413885 {\n  padding-top: 30px;\n  padding-bottom: 30px;\n}\n#section_897413885 .section-bg-overlay {\n  background-color: rgba(255, 255, 255, 0.6);\n}\n<\/style>\n\t<\/section>\n\t\n\n\t<section class=\"section\" id=\"section_53024631\">\n\t\t<div class=\"section-bg fill\" >\n\t\t\t\t\t\t\t\t\t\n\t\t\t\n\n\t\t<\/div>\n\n\t\t\n\n\t\t<div class=\"section-content relative\">\n\t\t\t\n\n<div class=\"row\" style=\"max-width:1200px\" id=\"row-451711226\">\n\n\n\t<div id=\"col-1526968809\" class=\"col medium-10 small-11 large-9\"  >\n\t\t\t\t<div class=\"col-inner\"  >\n\t\t\t\n\t\t\t\n\n\t<div id=\"gap-2032508171\" class=\"gap-element clearfix\" style=\"display:block; height:auto;\">\n\t\t\n<style>\n#gap-2032508171 {\n  padding-top: 30px;\n}\n<\/style>\n\t<\/div>\n\t\n\n\n  <div class=\"banner has-hover has-parallax\" id=\"banner-1581862461\">\n          <div class=\"banner-inner fill\">\n        <div class=\"banner-bg fill\" data-parallax=\"-3\" data-parallax-container=\".banner\" data-parallax-background>\n            <img decoding=\"async\" width=\"1020\" height=\"712\" src=\"https:\/\/eadn-wc03-10744947.nxedge.io\/wp-content\/uploads\/2022\/10\/Tempo-SF-Eternite-2.jpg\" class=\"bg attachment-large size-large\" alt=\"\" \/>                                    \n                    <\/div>\n\t\t\n        <div class=\"banner-layers container\">\n            <div class=\"fill banner-link\"><\/div>            \n\n\n        <\/div>\n      <\/div>\n\n            \n<style>\n#banner-1581862461 {\n  padding-top: 300px;\n  background-color: rgb(249, 245, 229);\n}\n#banner-1581862461 .banner-bg img {\n  object-position: 34% 60%;\n}\n@media (min-width:550px) {\n  #banner-1581862461 {\n    padding-top: 700px;\n  }\n}\n<\/style>\n  <\/div>\n\n\n\n\t\t<\/div>\n\t\t\t\t\n<style>\n#col-1526968809 > .col-inner {\n  margin: 0px 0px 0px 0px;\n}\n@media (min-width:550px) {\n  #col-1526968809 > .col-inner {\n    margin: 0px 0px 0px 10px;\n  }\n}\n<\/style>\n\t<\/div>\n\n\t\n\n<\/div>\n<div class=\"row align-right\" style=\"max-width:1200px\" id=\"row-1920184223\">\n\n\n\t<div id=\"col-528891232\" class=\"col medium-7 small-11 large-6\"  >\n\t\t\t\t<div class=\"col-inner\" style=\"background-color:rgb(243, 238, 216);\" >\n\t\t\t\n\t\t\t\n\n\t<div id=\"text-2317949795\" class=\"text\">\n\t\t\n\n<h2>Fascin\u00e9 par le temps et la rencontre entre diff\u00e9rentes \u00e9poques, Sc\u00e8ne Fragrance fait revivre vos souvenirs.<\/h2>\n\t\t\n<style>\n#text-2317949795 {\n  color: rgb(0,0,0);\n}\n#text-2317949795 > * {\n  color: rgb(0,0,0);\n}\n<\/style>\n\t<\/div>\n\t\n\t<div id=\"gap-1465225321\" class=\"gap-element clearfix\" style=\"display:block; height:auto;\">\n\t\t\n<style>\n#gap-1465225321 {\n  padding-top: 30px;\n}\n<\/style>\n\t<\/div>\n\t\n\n\t<div id=\"text-3881197317\" class=\"text kiteone\">\n\t\t\n\n<p>La Belle Epoque de 1900, le mouvement \u201cArt Nouveau\u201d, les Ann\u00e9es Folles 1920\u2026 l\u2019espoir en l\u2019avenir \u00e0 18 ans, la confiance en soi \u00e0 30 ans, la perte des rep\u00e8res \u00e0 45 ans\u2026<\/p>\n<p>Le fondateur Arthur K estime que, quels que soient l\u2019\u00e9poque ou le lieu, chacun partage les m\u00eames exp\u00e9riences et les m\u00eames \u00e9motions, partout dans le monde. Gr\u00e2ce aux parfums, nombre de sentiments nous reviennent en m\u00e9moire, moments de joie, de bonheur, parfois aussi d\u2019anxi\u00e9t\u00e9 ou de confusion\u2026 ils nous accompagnent et nous donnent le courage d\u2019avancer en regardant vers l\u2019avenir.<\/p>\n\t\t\n<style>\n#text-3881197317 {\n  color: rgb(0,0,0);\n}\n#text-3881197317 > * {\n  color: rgb(0,0,0);\n}\n<\/style>\n\t<\/div>\n\t\n\n\t\t<\/div>\n\t\t\t\t\n<style>\n#col-528891232 > .col-inner {\n  padding: 10% 5% 10% 5%;\n  margin: -120px -42px 0px 0px;\n}\n@media (min-width:550px) {\n  #col-528891232 > .col-inner {\n    margin: -500px -42px 0px 0px;\n  }\n}\n<\/style>\n\t<\/div>\n\n\t\n\n<\/div>\n\n\t\t<\/div>\n\n\t\t\n<style>\n#section_53024631 {\n  padding-top: 40px;\n  padding-bottom: 40px;\n  background-color: rgb(8, 57, 82);\n}\n@media (min-width:550px) {\n  #section_53024631 {\n    padding-top: 80px;\n    padding-bottom: 80px;\n  }\n}\n@media (min-width:850px) {\n  #section_53024631 {\n    padding-top: 100px;\n    padding-bottom: 100px;\n  }\n}\n<\/style>\n\t<\/section>\n\t\n\n\t<section class=\"section has-parallax\" id=\"section_801676875\">\n\t\t<div class=\"section-bg fill\" data-parallax-container=\".section\" data-parallax-background data-parallax=\"-5\">\n\t\t\t<img decoding=\"async\" width=\"1920\" height=\"1080\" src=\"https:\/\/eadn-wc03-10744947.nxedge.io\/wp-content\/uploads\/2022\/09\/SF-BG-1.jpg\" class=\"bg attachment-original size-original\" alt=\"\" \/>\t\t\t\t\t\t<div class=\"section-bg-overlay absolute fill\"><\/div>\n\t\t\t\n\n\t\t<\/div>\n\n\t\t\n\n\t\t<div class=\"section-content relative\">\n\t\t\t\n\n\t<div id=\"gap-1916393910\" class=\"gap-element clearfix\" style=\"display:block; height:auto;\">\n\t\t\n<style>\n#gap-1916393910 {\n  padding-top: 30px;\n}\n<\/style>\n\t<\/div>\n\t\n\n<div class=\"row align-center\" style=\"max-width:1200px\" id=\"row-577727401\">\n\n\n\t<div id=\"col-755941290\" class=\"col medium-5 small-12 large-5\"  >\n\t\t\t\t<div class=\"col-inner\"  >\n\t\t\t\n\t\t\t\n\n\n  <div class=\"banner has-hover has-parallax\" id=\"banner-1796744410\">\n          <div class=\"banner-inner fill\">\n        <div class=\"banner-bg fill\" data-parallax=\"-2\" data-parallax-container=\".banner\" data-parallax-background>\n            <img decoding=\"async\" width=\"2500\" height=\"1669\" src=\"https:\/\/eadn-wc03-10744947.nxedge.io\/wp-content\/uploads\/2022\/10\/Tempo-SF-Coincidece-3-1.jpg\" class=\"bg attachment-original size-original\" alt=\"\" \/>                                    \n                    <\/div>\n\t\t\n        <div class=\"banner-layers container\">\n            <div class=\"fill banner-link\"><\/div>            \n\n\n        <\/div>\n      <\/div>\n\n            \n<style>\n#banner-1796744410 {\n  padding-top: 99.99%;\n  background-color: rgb(255, 255, 255);\n}\n#banner-1796744410 .banner-bg img {\n  object-position: 48% 85%;\n}\n@media (min-width:550px) {\n  #banner-1796744410 {\n    padding-top: 500px;\n  }\n}\n@media (min-width:850px) {\n  #banner-1796744410 {\n    padding-top: 480px;\n  }\n}\n<\/style>\n  <\/div>\n\n\n\n\t\t<\/div>\n\t\t\t\t\n<style>\n#col-755941290 > .col-inner {\n  padding: 0px 0px 0px 0px;\n  margin: 10px 0px 0px 0px;\n}\n@media (min-width:550px) {\n  #col-755941290 > .col-inner {\n    padding: 0px 50px 0px 0px;\n  }\n}\n<\/style>\n\t<\/div>\n\n\t\n\n\t<div id=\"col-1903715525\" class=\"col medium-7 small-12 large-7\"  >\n\t\t\t\t<div class=\"col-inner\"  >\n\t\t\t\n\t<div class=\"is-border\"\n\t\tstyle=\"border-width:0px 0px 0px 0px;\">\n\t<\/div>\n\t\t\t\n\n\t<div id=\"text-4106221644\" class=\"text\">\n\t\t\n\n<h2>Nos cr\u00e9ations<\/h2>\n\t\t\n<style>\n#text-4106221644 {\n  color: rgb(0,0,0);\n}\n#text-4106221644 > * {\n  color: rgb(0,0,0);\n}\n<\/style>\n\t<\/div>\n\t\n\t<div id=\"text-2430593007\" class=\"text kiteone\">\n\t\t\n\n<p>Sc\u00e8ne Fragrance collabore avec des parfumeurs talentueux de renomm\u00e9e internationale, qui ont parfaitement su saisir et restituer l\u2019esprit des inspirations originales et cr\u00e9atives d\u2019Arthur K.<\/p>\n<p>Chaque parfum a fait l\u2019objet d\u2019une longue \u00e9laboration, consistant \u00e0 s\u00e9lectionner les diff\u00e9rents ingr\u00e9dients et \u00e0 ajuster leurs proportions, et permettant \u00e0 Arthur K et aux parfumeurs de d\u00e9couvrir la formule la plus convaincante et s\u00e9duisante. Bien que subtilement compos\u00e9s, leur sillage et leur long\u00e9vit\u00e9 sauront vous accompagner pour chaque occasion, jour apr\u00e8s jour.<\/p>\n<p>Sans aucun doute, vous tomberez sous le charme des parfums de sc\u00e8ne Fragrance !<\/p>\n\t\t\n<style>\n#text-2430593007 {\n  color: rgb(0,0,0);\n}\n#text-2430593007 > * {\n  color: rgb(0,0,0);\n}\n<\/style>\n\t<\/div>\n\t\n\n\t\t<\/div>\n\t\t\t\t\n<style>\n#col-1903715525 > .col-inner {\n  padding: 0px 5% 0px 0px;\n  margin: 0px 0px 0px 10px;\n}\n@media (min-width:550px) {\n  #col-1903715525 > .col-inner {\n    padding: 0px 5% 0px 0px;\n    margin: 30px 0px 0px 0px;\n  }\n}\n@media (min-width:850px) {\n  #col-1903715525 > .col-inner {\n    padding: 5% 5% 5% 5%;\n  }\n}\n<\/style>\n\t<\/div>\n\n\t\n\n\n<style>\n#row-577727401 > .col > .col-inner {\n  padding: 5% 5% 0px 2%;\n}\n<\/style>\n<\/div>\n<div class=\"row\" style=\"max-width:1200px\" id=\"row-1042672320\">\n\n\n\t<div id=\"col-1242297321\" class=\"col medium-6 small-12 large-6\"  >\n\t\t\t\t<div class=\"col-inner\"  >\n\t\t\t\n\t\t\t\n\n\t<div id=\"text-3164669000\" class=\"text\">\n\t\t\n\n<h2>L&#8217;art du packaging<\/h2>\n\t\t\n<style>\n#text-3164669000 {\n  color: rgb(0,0,0);\n}\n#text-3164669000 > * {\n  color: rgb(0,0,0);\n}\n<\/style>\n\t<\/div>\n\t\n\t<div id=\"text-2789644453\" class=\"text kiteone\">\n\t\t\n\n<p>Notre philosophie se refl\u00e8te \u00e9galement dans notre packaging, lui aussi directement inspir\u00e9 par l\u2019esprit du temps pass\u00e9.<\/p>\n<p>Le parcours artistique d\u2019Arthur K l\u2019am\u00e8ne \u00e0 se projeter dans le temps, en rapprochant diverses \u00e9poques et m\u00e9langeant diff\u00e9rents styles.<\/p>\n<p>L\u2019harmonie universelle et intemporelle est la valeur fondamentale de Sc\u00e8ne Fragrance. C\u2019est pourquoi nous avons choisi comme logo le gingko, souvent consid\u00e9r\u00e9 comme \u00ab fossile vivant \u00bb, en esp\u00e9rant pouvoir imiter sa long\u00e9vit\u00e9\u2026<\/p>\n<p>Nos flacons ont une ligne \u00e9l\u00e9gante, moderne et minimaliste, avec un logo en relief renfor\u00e7ant l\u2019identit\u00e9 de la marque, et une base \u00e9paisse qui ajoute une discr\u00e8te touche d\u2019originalit\u00e9.<\/p>\n<p>Le capot m\u00e9tallique pr\u00e9sente une version revisit\u00e9e d\u2019un motif de coquille typiquement Art D\u00e9co. Sa couleur or r\u00e9tro lui conf\u00e8re un lustre discret, comme un ancien objet pr\u00e9cieux, et sa forme imm\u00e9diatement reconnaissable est en quelque sorte la signature de \u00ab Sc\u00e8ne Fragrance \u00bb.<\/p>\n<p>Le coffret fait directement r\u00e9f\u00e9rence aux affiches du mouvement \u00ab Wiener Secession \u00bb, transmettant les valeurs de la marque dans diff\u00e9rentes langues.<\/p>\n<p>Nous esp\u00e9rons sinc\u00e8rement que vous serez touch\u00e9s par tous nos soins, et que ceux-ci porteront leurs fruits.<\/p>\n\t\t\n<style>\n#text-2789644453 {\n  color: rgb(0,0,0);\n}\n#text-2789644453 > * {\n  color: rgb(0,0,0);\n}\n<\/style>\n\t<\/div>\n\t\n\n\t\t<\/div>\n\t\t\t\t\n<style>\n#col-1242297321 > .col-inner {\n  padding: 0px 0px 0px 0px;\n  margin: 0px 0px 0px 10px;\n}\n@media (min-width:850px) {\n  #col-1242297321 > .col-inner {\n    padding: 0px 50px 0px 0px;\n    margin: 0px 0px 0px 0px;\n  }\n}\n<\/style>\n\t<\/div>\n\n\t\n\n\t<div id=\"col-899066694\" class=\"col medium-6 small-12 large-6\"  >\n\t\t\t\t<div class=\"col-inner\"  >\n\t\t\t\n\t\t\t\n\n\n  <div class=\"banner has-hover has-parallax\" id=\"banner-1242539053\">\n          <div class=\"banner-inner fill\">\n        <div class=\"banner-bg fill\" data-parallax=\"-2\" data-parallax-container=\".banner\" data-parallax-background>\n            <img decoding=\"async\" width=\"764\" height=\"1193\" src=\"https:\/\/eadn-wc03-10744947.nxedge.io\/wp-content\/uploads\/2022\/10\/Tempo-SF-Eternite-3.jpg\" class=\"bg attachment-original size-original\" alt=\"\" \/>                                    \n                    <\/div>\n\t\t\n        <div class=\"banner-layers container\">\n            <div class=\"fill banner-link\"><\/div>            \n\n\n        <\/div>\n      <\/div>\n\n            \n<style>\n#banner-1242539053 {\n  padding-top: 600px;\n  background-color: rgb(255, 255, 255);\n}\n#banner-1242539053 .banner-bg img {\n  object-position: 47% 26%;\n}\n@media (min-width:550px) {\n  #banner-1242539053 {\n    padding-top: 100%;\n  }\n}\n@media (min-width:850px) {\n  #banner-1242539053 {\n    padding-top: 800px;\n  }\n}\n<\/style>\n  <\/div>\n\n\n\n\t\t<\/div>\n\t\t\t\t\n<style>\n#col-899066694 > .col-inner {\n  padding: 0px 0px 0px 0;\n  margin: 50px 0px 0px 0px;\n}\n@media (min-width:550px) {\n  #col-899066694 > .col-inner {\n    padding: 0px 0px 0px 0px;\n  }\n}\n@media (min-width:850px) {\n  #col-899066694 > .col-inner {\n    padding: 40px 0px 0px 0px;\n  }\n}\n<\/style>\n\t<\/div>\n\n\t\n\n\n<style>\n#row-1042672320 > .col > .col-inner {\n  padding: 30px 0px 0px 0px;\n}\n<\/style>\n<\/div>\n\n\t\t<\/div>\n\n\t\t\n<style>\n#section_801676875 {\n  padding-top: 70px;\n  padding-bottom: 70px;\n}\n#section_801676875 .section-bg-overlay {\n  background-color: rgba(255, 255, 255, 0.7);\n}\n<\/style>\n\t<\/section>\n\t\n\n","protected":false},"excerpt":{"rendered":"","protected":false},"author":2,"featured_media":85,"parent":0,"menu_order":0,"comment_status":"closed","ping_status":"closed","template":"page-blank.php","meta":{"om_disable_all_campaigns":false,"_monsterinsights_skip_tracking":false,"_monsterinsights_sitenote_active":false,"_monsterinsights_sitenote_note":"","_monsterinsights_sitenote_category":0,"footnotes":""},"class_list":["post-158","page","type-page","status-publish","has-post-thumbnail","hentry"],"aioseo_notices":[],"_links":{"self":[{"href":"https:\/\/scene-fragrance.com\/fr_fr\/wp-json\/wp\/v2\/pages\/158","targetHints":{"allow":["GET"]}}],"collection":[{"href":"https:\/\/scene-fragrance.com\/fr_fr\/wp-json\/wp\/v2\/pages"}],"about":[{"href":"https:\/\/scene-fragrance.com\/fr_fr\/wp-json\/wp\/v2\/types\/page"}],"author":[{"embeddable":true,"href":"https:\/\/scene-fragrance.com\/fr_fr\/wp-json\/wp\/v2\/users\/2"}],"replies":[{"embeddable":true,"href":"https:\/\/scene-fragrance.com\/fr_fr\/wp-json\/wp\/v2\/comments?post=158"}],"version-history":[{"count":10,"href":"https:\/\/scene-fragrance.com\/fr_fr\/wp-json\/wp\/v2\/pages\/158\/revisions"}],"predecessor-version":[{"id":2002,"href":"https:\/\/scene-fragrance.com\/fr_fr\/wp-json\/wp\/v2\/pages\/158\/revisions\/2002"}],"wp:featuredmedia":[{"embeddable":true,"href":"https:\/\/scene-fragrance.com\/fr_fr\/wp-json\/wp\/v2\/media\/85"}],"wp:attachment":[{"href":"https:\/\/scene-fragrance.com\/fr_fr\/wp-json\/wp\/v2\/media?parent=158"}],"curies":[{"name":"wp","href":"https:\/\/api.w.org\/{rel}","templated":true}]}}