{"id":249,"date":"2021-09-24T03:45:57","date_gmt":"2021-09-24T01:45:57","guid":{"rendered":"http:\/\/uxthemes.wpengine.com\/?post_type=product&#038;p=328"},"modified":"2026-04-15T07:05:59","modified_gmt":"2026-04-15T05:05:59","slug":"la-nuit-transfiguree","status":"publish","type":"product","link":"https:\/\/scene-fragrance.com\/fr_fr\/product\/la-nuit-transfiguree\/","title":{"rendered":"La nuit&#8230; transfigur\u00e9e"},"content":{"rendered":"","protected":false},"excerpt":{"rendered":"<p><strong>Eau de parfum &#8211; La Nuit\u2026transfigur\u00e9e<\/strong><\/p>\n<p><strong>Sous le clair de lune, l\u2019amour et la tol\u00e9rance nous \u00e9l\u00e8vent.<\/strong><\/p>\n<p>D\u2019abord po\u00e8me, puis \u0153uvre musicale, aujourd\u2019hui \u00ab transfigur\u00e9 \u00bb\u2026 en parfum.<\/p>\n<p>\u00ab La Nuit Transfigur\u00e9e \u00bb saisit le charme de la nuit. Lorsque le soleil se couche et que la ville retrouve son calme, notre esprit et notre corps fatigu\u00e9s peuvent enfin se retirer en leur for int\u00e9rieur. La nuit est une source d\u2019inspiration, un murmure intime. Lorsque la nuit est pass\u00e9e, nous devons \u00e9merger de l\u2019obscurit\u00e9 pour accueillir un nouveau jour.<\/p>\n<p>La Nuit Transfigur\u00e9e est \u00e0 la fois un po\u00e8me myst\u00e9rieux et troublant, et une \u0153uvre musicale passionn\u00e9e et envoutante.<\/p>\n","protected":false},"featured_media":758,"comment_status":"open","ping_status":"closed","template":"","meta":{"om_disable_all_campaigns":false,"_monsterinsights_skip_tracking":false,"_monsterinsights_sitenote_active":false,"_monsterinsights_sitenote_note":"","_monsterinsights_sitenote_category":0},"product_brand":[],"product_cat":[74],"product_tag":[],"class_list":{"0":"post-249","1":"product","2":"type-product","3":"status-publish","4":"has-post-thumbnail","6":"product_cat-eau-de-parfum","7":"product_shipping_class-parfum","9":"first","10":"instock","11":"taxable","12":"shipping-taxable","13":"purchasable","14":"product-type-simple"},"aioseo_notices":[],"_links":{"self":[{"href":"https:\/\/scene-fragrance.com\/fr_fr\/wp-json\/wp\/v2\/product\/249","targetHints":{"allow":["GET"]}}],"collection":[{"href":"https:\/\/scene-fragrance.com\/fr_fr\/wp-json\/wp\/v2\/product"}],"about":[{"href":"https:\/\/scene-fragrance.com\/fr_fr\/wp-json\/wp\/v2\/types\/product"}],"replies":[{"embeddable":true,"href":"https:\/\/scene-fragrance.com\/fr_fr\/wp-json\/wp\/v2\/comments?post=249"}],"wp:featuredmedia":[{"embeddable":true,"href":"https:\/\/scene-fragrance.com\/fr_fr\/wp-json\/wp\/v2\/media\/758"}],"wp:attachment":[{"href":"https:\/\/scene-fragrance.com\/fr_fr\/wp-json\/wp\/v2\/media?parent=249"}],"wp:term":[{"taxonomy":"product_brand","embeddable":true,"href":"https:\/\/scene-fragrance.com\/fr_fr\/wp-json\/wp\/v2\/product_brand?post=249"},{"taxonomy":"product_cat","embeddable":true,"href":"https:\/\/scene-fragrance.com\/fr_fr\/wp-json\/wp\/v2\/product_cat?post=249"},{"taxonomy":"product_tag","embeddable":true,"href":"https:\/\/scene-fragrance.com\/fr_fr\/wp-json\/wp\/v2\/product_tag?post=249"}],"curies":[{"name":"wp","href":"https:\/\/api.w.org\/{rel}","templated":true}]}}