{"id":470,"date":"2021-09-24T03:44:25","date_gmt":"2021-09-24T01:44:25","guid":{"rendered":"https:\/\/651c7036cf.nxcli.io\/?post_type=product&#038;p=470"},"modified":"2026-04-15T07:06:02","modified_gmt":"2026-04-15T05:06:02","slug":"echantillons","status":"publish","type":"product","link":"https:\/\/scene-fragrance.com\/fr_fr\/product\/echantillons\/","title":{"rendered":"Echantillons"},"content":{"rendered":"","protected":false},"excerpt":{"rendered":"<p>Pour nous, le plus important c\u2019est vous. Sans votre reconnaissance, nos produits perdraient leur raison d\u2019\u00eatre, et c\u2019est d\u2019abord \u00e0 travers vous qu\u2019ils expriment le mieux toutes leurs qualit\u00e9s.<\/p>\n<p>C\u2019est pourquoi Sc\u00e8ne Fragrance vous offre un \u00e9chantillon gratuit pour chaque cr\u00e9ation. Pour d\u00e9couvrir nos parfums c&#8217;est tout simple ! Vous prenez en charge seulement les frais de livraison.<\/p>\n<p>En plus, pour vous remercier de tout achat des \u00e9chantillons, <strong>nous vous offrons un code de r\u00e9duction de 10\u20ac<\/strong> par email, \u00e0 utiliser lors de votre prochaine commande sur tous les produits dans notre site.<\/p>\n","protected":false},"featured_media":840,"comment_status":"open","ping_status":"closed","template":"","meta":{"om_disable_all_campaigns":false,"_monsterinsights_skip_tracking":false,"_monsterinsights_sitenote_active":false,"_monsterinsights_sitenote_note":"","_monsterinsights_sitenote_category":0},"product_brand":[],"product_cat":[74],"product_tag":[],"class_list":{"0":"post-470","1":"product","2":"type-product","3":"status-publish","4":"has-post-thumbnail","6":"product_cat-eau-de-parfum","7":"product_shipping_class-echantillon","9":"first","10":"instock","11":"sold-individually","12":"taxable","13":"shipping-taxable","14":"purchasable","15":"product-type-variable"},"aioseo_notices":[],"_links":{"self":[{"href":"https:\/\/scene-fragrance.com\/fr_fr\/wp-json\/wp\/v2\/product\/470","targetHints":{"allow":["GET"]}}],"collection":[{"href":"https:\/\/scene-fragrance.com\/fr_fr\/wp-json\/wp\/v2\/product"}],"about":[{"href":"https:\/\/scene-fragrance.com\/fr_fr\/wp-json\/wp\/v2\/types\/product"}],"replies":[{"embeddable":true,"href":"https:\/\/scene-fragrance.com\/fr_fr\/wp-json\/wp\/v2\/comments?post=470"}],"wp:featuredmedia":[{"embeddable":true,"href":"https:\/\/scene-fragrance.com\/fr_fr\/wp-json\/wp\/v2\/media\/840"}],"wp:attachment":[{"href":"https:\/\/scene-fragrance.com\/fr_fr\/wp-json\/wp\/v2\/media?parent=470"}],"wp:term":[{"taxonomy":"product_brand","embeddable":true,"href":"https:\/\/scene-fragrance.com\/fr_fr\/wp-json\/wp\/v2\/product_brand?post=470"},{"taxonomy":"product_cat","embeddable":true,"href":"https:\/\/scene-fragrance.com\/fr_fr\/wp-json\/wp\/v2\/product_cat?post=470"},{"taxonomy":"product_tag","embeddable":true,"href":"https:\/\/scene-fragrance.com\/fr_fr\/wp-json\/wp\/v2\/product_tag?post=470"}],"curies":[{"name":"wp","href":"https:\/\/api.w.org\/{rel}","templated":true}]}}